{"id":4064,"date":"2021-07-07T11:27:41","date_gmt":"2021-07-07T09:27:41","guid":{"rendered":"https:\/\/www.old.jona-technology.sk\/cnc-bearbeitung\/"},"modified":"2021-07-26T18:15:49","modified_gmt":"2021-07-26T16:15:49","slug":"cnc-bearbeitung","status":"publish","type":"page","link":"https:\/\/old.jona-technology.sk\/de\/cnc-bearbeitung\/","title":{"rendered":"CNC \u2013 Bearbeitung"},"content":{"rendered":"\t\t<div data-elementor-type=\"wp-page\" data-elementor-id=\"4064\" class=\"elementor elementor-4064\">\n\t\t\t\t\t\t\t\t\t<section class=\"elementor-section elementor-top-section elementor-element elementor-element-dced18f elementor-section-boxed elementor-section-height-default elementor-section-height-default\" data-id=\"dced18f\" data-element_type=\"section\" data-settings=\"{&quot;background_background&quot;:&quot;classic&quot;,&quot;_ha_eqh_enable&quot;:false}\">\n\t\t\t\t\t\t\t<div class=\"elementor-background-overlay\"><\/div>\n\t\t\t\t\t\t\t<div class=\"elementor-container elementor-column-gap-no\">\n\t\t\t\t\t<div class=\"elementor-column elementor-col-100 elementor-top-column elementor-element elementor-element-478e169e\" data-id=\"478e169e\" data-element_type=\"column\">\n\t\t\t<div class=\"elementor-widget-wrap elementor-element-populated\">\n\t\t\t\t\t\t\t\t<div class=\"elementor-element elementor-element-1ae42fdb elementor-widget elementor-widget-heading\" data-id=\"1ae42fdb\" data-element_type=\"widget\" data-widget_type=\"heading.default\">\n\t\t\t\t<div class=\"elementor-widget-container\">\n\t\t\t<h1 class=\"elementor-heading-title elementor-size-default\">CNC \u2013 Bearbeitung<\/h1>\t\t<\/div>\n\t\t\t\t<\/div>\n\t\t\t\t\t<\/div>\n\t\t<\/div>\n\t\t\t\t\t\t\t<\/div>\n\t\t<\/section>\n\t\t\t\t<section class=\"elementor-section elementor-top-section elementor-element elementor-element-48ab61be elementor-section-content-middle elementor-section-boxed elementor-section-height-default elementor-section-height-default elementor-invisible\" data-id=\"48ab61be\" data-element_type=\"section\" data-settings=\"{&quot;background_background&quot;:&quot;classic&quot;,&quot;animation&quot;:&quot;fadeInRight&quot;,&quot;_ha_eqh_enable&quot;:false}\">\n\t\t\t\t\t\t<div class=\"elementor-container elementor-column-gap-no\">\n\t\t\t\t\t<div class=\"elementor-column elementor-col-50 elementor-top-column elementor-element elementor-element-51475a92\" data-id=\"51475a92\" data-element_type=\"column\" data-settings=\"{&quot;background_background&quot;:&quot;classic&quot;}\">\n\t\t\t<div class=\"elementor-widget-wrap elementor-element-populated\">\n\t\t\t\t\t<div class=\"elementor-background-overlay\"><\/div>\n\t\t\t\t\t\t\t\t<div class=\"elementor-element elementor-element-28c7c3af elementor-widget elementor-widget-image\" data-id=\"28c7c3af\" data-element_type=\"widget\" data-settings=\"{&quot;ha_floating_fx&quot;:&quot;yes&quot;,&quot;ha_floating_fx_translate_toggle&quot;:&quot;yes&quot;,&quot;ha_floating_fx_translate_x&quot;:{&quot;unit&quot;:&quot;px&quot;,&quot;size&quot;:&quot;&quot;,&quot;sizes&quot;:{&quot;from&quot;:0,&quot;to&quot;:0}},&quot;ha_floating_fx_translate_duration&quot;:{&quot;unit&quot;:&quot;px&quot;,&quot;size&quot;:2000,&quot;sizes&quot;:[]},&quot;ha_floating_fx_translate_y&quot;:{&quot;unit&quot;:&quot;px&quot;,&quot;size&quot;:&quot;&quot;,&quot;sizes&quot;:{&quot;from&quot;:0,&quot;to&quot;:5}},&quot;ha_floating_fx_translate_delay&quot;:{&quot;unit&quot;:&quot;px&quot;,&quot;size&quot;:&quot;&quot;,&quot;sizes&quot;:[]}}\" data-widget_type=\"image.default\">\n\t\t\t\t<div class=\"elementor-widget-container\">\n\t\t\t\t\t\t\t\t\t\t\t\t\t\t\t<img decoding=\"async\" width=\"1200\" height=\"900\" src=\"https:\/\/old.jona-technology.sk\/wp-content\/uploads\/2021\/06\/cnc-obrabanie.jpg\" class=\"attachment-full size-full wp-image-4066\" alt=\"\" srcset=\"https:\/\/old.jona-technology.sk\/wp-content\/uploads\/2021\/06\/cnc-obrabanie.jpg 1200w, https:\/\/old.jona-technology.sk\/wp-content\/uploads\/2021\/06\/cnc-obrabanie-300x225.jpg 300w, https:\/\/old.jona-technology.sk\/wp-content\/uploads\/2021\/06\/cnc-obrabanie-1024x768.jpg 1024w, https:\/\/old.jona-technology.sk\/wp-content\/uploads\/2021\/06\/cnc-obrabanie-768x576.jpg 768w, https:\/\/old.jona-technology.sk\/wp-content\/uploads\/2021\/06\/cnc-obrabanie-16x12.jpg 16w\" sizes=\"(max-width: 1200px) 100vw, 1200px\" \/>\t\t\t\t\t\t\t\t\t\t\t\t\t\t\t<\/div>\n\t\t\t\t<\/div>\n\t\t\t\t\t<\/div>\n\t\t<\/div>\n\t\t\t\t<div class=\"elementor-column elementor-col-50 elementor-top-column elementor-element elementor-element-27c5829\" data-id=\"27c5829\" data-element_type=\"column\">\n\t\t\t<div class=\"elementor-widget-wrap elementor-element-populated\">\n\t\t\t\t\t\t\t\t<div class=\"elementor-element elementor-element-398cb7fc elementor-widget elementor-widget-text-editor\" data-id=\"398cb7fc\" data-element_type=\"widget\" data-widget_type=\"text-editor.default\">\n\t\t\t\t<div class=\"elementor-widget-container\">\n\t\t\t\t\t\t\t<p>Wir bieten <strong>erstklassige CNC \u2013 Bearbeitung, Drehen, Fr\u00e4sen und Abkanten<\/strong> mit hoher Pr\u00e4zision. Beim Programmieren der CNC-Maschinen wenden wir die Software CAM und TruTops Boost an. Wir produzieren sowohl Serien- wie auch <strong>Einzelst\u00fccke.<\/strong>  <\/p>\n\t\t\t\t\t\t<\/div>\n\t\t\t\t<\/div>\n\t\t\t\t\t<\/div>\n\t\t<\/div>\n\t\t\t\t\t\t\t<\/div>\n\t\t<\/section>\n\t\t\t\t<section class=\"elementor-section elementor-top-section elementor-element elementor-element-1ef893fd elementor-section-content-middle elementor-section-boxed elementor-section-height-default elementor-section-height-default elementor-invisible\" data-id=\"1ef893fd\" data-element_type=\"section\" data-settings=\"{&quot;background_background&quot;:&quot;classic&quot;,&quot;animation&quot;:&quot;fadeInLeft&quot;,&quot;_ha_eqh_enable&quot;:false}\">\n\t\t\t\t\t\t<div class=\"elementor-container elementor-column-gap-no\">\n\t\t\t\t\t<div class=\"elementor-column elementor-col-100 elementor-top-column elementor-element elementor-element-6eb1c951\" data-id=\"6eb1c951\" data-element_type=\"column\">\n\t\t\t<div class=\"elementor-widget-wrap elementor-element-populated\">\n\t\t\t\t\t\t\t\t<div class=\"elementor-element elementor-element-44c40494 elementor-widget elementor-widget-heading\" data-id=\"44c40494\" data-element_type=\"widget\" data-widget_type=\"heading.default\">\n\t\t\t\t<div class=\"elementor-widget-container\">\n\t\t\t<h2 class=\"elementor-heading-title elementor-size-default\">Galerie<\/h2>\t\t<\/div>\n\t\t\t\t<\/div>\n\t\t\t\t<div class=\"elementor-element elementor-element-7c34633c elementor-arrows-position-inside elementor-pagination-position-outside elementor-widget elementor-widget-image-carousel\" data-id=\"7c34633c\" data-element_type=\"widget\" data-settings=\"{&quot;slides_to_show&quot;:&quot;3&quot;,&quot;navigation&quot;:&quot;both&quot;,&quot;autoplay&quot;:&quot;yes&quot;,&quot;pause_on_hover&quot;:&quot;yes&quot;,&quot;pause_on_interaction&quot;:&quot;yes&quot;,&quot;autoplay_speed&quot;:5000,&quot;infinite&quot;:&quot;yes&quot;,&quot;speed&quot;:500}\" data-widget_type=\"image-carousel.default\">\n\t\t\t\t<div class=\"elementor-widget-container\">\n\t\t\t\t\t<div class=\"elementor-image-carousel-wrapper swiper-container\" dir=\"ltr\">\n\t\t\t<div class=\"elementor-image-carousel swiper-wrapper\">\n\t\t\t\t\t\t\t\t<div class=\"swiper-slide\"><figure class=\"swiper-slide-inner\"><img decoding=\"async\" class=\"swiper-slide-image\" src=\"https:\/\/old.jona-technology.sk\/wp-content\/uploads\/2021\/06\/cnc.jpg\" alt=\"cnc\" \/><\/figure><\/div><div class=\"swiper-slide\"><figure class=\"swiper-slide-inner\"><img decoding=\"async\" class=\"swiper-slide-image\" src=\"https:\/\/old.jona-technology.sk\/wp-content\/uploads\/2021\/06\/cnc-frezovanie.jpg\" alt=\"cnc-frezovanie\" \/><\/figure><\/div><div class=\"swiper-slide\"><figure class=\"swiper-slide-inner\"><img decoding=\"async\" class=\"swiper-slide-image\" src=\"https:\/\/old.jona-technology.sk\/wp-content\/uploads\/2021\/06\/cnc-obrabanie-2.jpg\" alt=\"cnc-obrabanie 2\" \/><\/figure><\/div><div class=\"swiper-slide\"><figure class=\"swiper-slide-inner\"><img decoding=\"async\" class=\"swiper-slide-image\" src=\"https:\/\/old.jona-technology.sk\/wp-content\/uploads\/2021\/06\/cnc-obrabanie-nahradne-diely.jpg\" alt=\"cnc-obrabanie-nahradne-diely\" \/><\/figure><\/div><div class=\"swiper-slide\"><figure class=\"swiper-slide-inner\"><img decoding=\"async\" class=\"swiper-slide-image\" src=\"https:\/\/old.jona-technology.sk\/wp-content\/uploads\/2021\/06\/cnc-produkcia.jpg\" alt=\"cnc-produkcia\" \/><\/figure><\/div><div class=\"swiper-slide\"><figure class=\"swiper-slide-inner\"><img decoding=\"async\" class=\"swiper-slide-image\" src=\"https:\/\/old.jona-technology.sk\/wp-content\/uploads\/2021\/06\/ohranovaci-lis.jpg\" alt=\"ohranovaci-lis\" \/><\/figure><\/div><div class=\"swiper-slide\"><figure class=\"swiper-slide-inner\"><img decoding=\"async\" class=\"swiper-slide-image\" src=\"https:\/\/old.jona-technology.sk\/wp-content\/uploads\/2021\/06\/cnc-frezovanie-jona.jpg\" alt=\"cnc-frezovanie-jona\" \/><\/figure><\/div><div class=\"swiper-slide\"><figure class=\"swiper-slide-inner\"><img decoding=\"async\" class=\"swiper-slide-image\" src=\"https:\/\/old.jona-technology.sk\/wp-content\/uploads\/2021\/06\/vyroba-dielcov.jpg\" alt=\"vyroba-dielcov\" \/><\/figure><\/div>\t\t\t<\/div>\n\t\t\t\t\t\t\t\t\t\t\t\t<div class=\"swiper-pagination\"><\/div>\n\t\t\t\t\t\t\t\t\t\t\t\t\t<div class=\"elementor-swiper-button elementor-swiper-button-prev\">\n\t\t\t\t\t\t<i aria-hidden=\"true\" class=\"eicon-chevron-left\"><\/i>\t\t\t\t\t\t<span class=\"elementor-screen-only\">Zur\u00fcck<\/span>\n\t\t\t\t\t<\/div>\n\t\t\t\t\t<div class=\"elementor-swiper-button elementor-swiper-button-next\">\n\t\t\t\t\t\t<i aria-hidden=\"true\" class=\"eicon-chevron-right\"><\/i>\t\t\t\t\t\t<span class=\"elementor-screen-only\">Weiter<\/span>\n\t\t\t\t\t<\/div>\n\t\t\t\t\t\t\t\t\t<\/div>\n\t\t\t\t<\/div>\n\t\t\t\t<\/div>\n\t\t\t\t\t<\/div>\n\t\t<\/div>\n\t\t\t\t\t\t\t<\/div>\n\t\t<\/section>\n\t\t\t\t<section class=\"elementor-section elementor-top-section elementor-element elementor-element-04467f8 elementor-section-boxed elementor-section-height-default elementor-section-height-default elementor-invisible\" data-id=\"04467f8\" data-element_type=\"section\" data-settings=\"{&quot;animation&quot;:&quot;fadeInRight&quot;,&quot;_ha_eqh_enable&quot;:false}\">\n\t\t\t\t\t\t<div class=\"elementor-container elementor-column-gap-default\">\n\t\t\t\t\t<div class=\"elementor-column elementor-col-100 elementor-top-column elementor-element elementor-element-4e2b7b8\" data-id=\"4e2b7b8\" data-element_type=\"column\" data-settings=\"{&quot;background_background&quot;:&quot;classic&quot;}\">\n\t\t\t<div class=\"elementor-widget-wrap elementor-element-populated\">\n\t\t\t\t\t\t\t\t<section class=\"elementor-section elementor-inner-section elementor-element elementor-element-306f183 elementor-section-boxed elementor-section-height-default elementor-section-height-default\" data-id=\"306f183\" data-element_type=\"section\" data-settings=\"{&quot;_ha_eqh_enable&quot;:false}\">\n\t\t\t\t\t\t<div class=\"elementor-container elementor-column-gap-no\">\n\t\t\t\t\t<div class=\"elementor-column elementor-col-100 elementor-inner-column elementor-element elementor-element-cbb1f2b\" data-id=\"cbb1f2b\" data-element_type=\"column\" data-settings=\"{&quot;background_background&quot;:&quot;classic&quot;}\">\n\t\t\t<div class=\"elementor-widget-wrap elementor-element-populated\">\n\t\t\t\t\t\t\t\t<div class=\"elementor-element elementor-element-bd6303f elementor-widget elementor-widget-heading\" data-id=\"bd6303f\" data-element_type=\"widget\" data-widget_type=\"heading.default\">\n\t\t\t\t<div class=\"elementor-widget-container\">\n\t\t\t<h2 class=\"elementor-heading-title elementor-size-default\">Schreiben Sie uns<\/h2>\t\t<\/div>\n\t\t\t\t<\/div>\n\t\t\t\t<div class=\"elementor-element elementor-element-3977409 elementor-widget elementor-widget-text-editor\" data-id=\"3977409\" data-element_type=\"widget\" data-widget_type=\"text-editor.default\">\n\t\t\t\t<div class=\"elementor-widget-container\">\n\t\t\t\t\t\t\t<p>Falls Sie Fragen haben, kontaktieren Sie uns<\/p>\n\t\t\t\t\t\t<\/div>\n\t\t\t\t<\/div>\n\t\t\t\t<div class=\"elementor-element elementor-element-19257f3 elementor-widget elementor-widget-shortcode\" data-id=\"19257f3\" data-element_type=\"widget\" data-widget_type=\"shortcode.default\">\n\t\t\t\t<div class=\"elementor-widget-container\">\n\t\t\t\t\t<div class=\"elementor-shortcode\"><div class=\"wpforms-container \" id=\"wpforms-4853\"><form id=\"wpforms-form-4853\" class=\"wpforms-validate wpforms-form\" data-formid=\"4853\" method=\"post\" enctype=\"multipart\/form-data\" action=\"\/de\/wp-json\/wp\/v2\/pages\/4064\" data-token=\"bf1714894d7715e09c0779ca7ff6e442\"><noscript class=\"wpforms-error-noscript\">Bitte aktiviere JavaScript in deinem Browser, um dieses Formular fertigzustellen.<\/noscript><div class=\"wpforms-field-container\"><div id=\"wpforms-4853-field_0-container\" class=\"wpforms-field wpforms-field-name\" data-field-id=\"0\"><label class=\"wpforms-field-label wpforms-label-hide\" for=\"wpforms-4853-field_0\">Name <span class=\"wpforms-required-label\">*<\/span><\/label><input type=\"text\" id=\"wpforms-4853-field_0\" class=\"wpforms-field-large wpforms-field-required\" name=\"wpforms[fields][0]\" placeholder=\"Name\" required><\/div><div id=\"wpforms-4853-field_1-container\" class=\"wpforms-field wpforms-field-email\" data-field-id=\"1\"><label class=\"wpforms-field-label wpforms-label-hide\" for=\"wpforms-4853-field_1\">E-mail <span class=\"wpforms-required-label\">*<\/span><\/label><input type=\"email\" id=\"wpforms-4853-field_1\" class=\"wpforms-field-large wpforms-field-required\" name=\"wpforms[fields][1]\" placeholder=\"E-mail\" spellcheck=\"false\" required><\/div><div id=\"wpforms-4853-field_3-container\" class=\"wpforms-field wpforms-field-text\" data-field-id=\"3\"><label class=\"wpforms-field-label wpforms-label-hide\" for=\"wpforms-4853-field_3\">Betreff <span class=\"wpforms-required-label\">*<\/span><\/label><input type=\"text\" id=\"wpforms-4853-field_3\" class=\"wpforms-field-large wpforms-field-required\" name=\"wpforms[fields][3]\" placeholder=\"Betreff\" required><\/div><div id=\"wpforms-4853-field_2-container\" class=\"wpforms-field wpforms-field-textarea\" data-field-id=\"2\"><label class=\"wpforms-field-label wpforms-label-hide\" for=\"wpforms-4853-field_2\">Ihre Nachricht <span class=\"wpforms-required-label\">*<\/span><\/label><textarea id=\"wpforms-4853-field_2\" class=\"wpforms-field-medium wpforms-field-required\" name=\"wpforms[fields][2]\" placeholder=\"Ihre Nachricht\" required><\/textarea><\/div><div id=\"wpforms-4853-field_4-container\" class=\"wpforms-field wpforms-field-checkbox\" data-field-id=\"4\"><ul id=\"wpforms-4853-field_4\" class=\"wpforms-field-required\"><li class=\"choice-1 depth-1\"><input type=\"checkbox\" id=\"wpforms-4853-field_4_1\" name=\"wpforms[fields][4][]\" value=\"Ich best\u00e4tige, dass ich &lt;a href=&quot;#&quot; target=&quot;_blank&quot;&gt; die Bedingungen f\u00fcr die Verarbeitung personenbezogener Daten&lt;\/a&gt; des Betreibers JONA s.r.o. gelesen habe, und stimme zu, das Kontaktformular mit den ausgef\u00fcllten Daten zu senden.\" required ><label class=\"wpforms-field-label-inline\" for=\"wpforms-4853-field_4_1\">Ich best\u00e4tige, dass ich <a href=\"#\" target=\"_blank\"> die Bedingungen f\u00fcr die Verarbeitung personenbezogener Daten<\/a> des Betreibers JONA s.r.o. gelesen habe, und stimme zu, das Kontaktformular mit den ausgef\u00fcllten Daten zu senden.<\/label><\/li><\/ul><\/div><\/div><!-- .wpforms-field-container --><div class=\"wpforms-field wpforms-field-hp\"><label for=\"wpforms-4853-field-hp\" class=\"wpforms-field-label\">Name<\/label><input type=\"text\" name=\"wpforms[hp]\" id=\"wpforms-4853-field-hp\" class=\"wpforms-field-medium\"><\/div><div class=\"wpforms-submit-container\" ><input type=\"hidden\" name=\"wpforms[id]\" value=\"4853\"><input type=\"hidden\" name=\"wpforms[author]\" value=\"2\"><button type=\"submit\" name=\"wpforms[submit]\" id=\"wpforms-submit-4853\" class=\"wpforms-submit odoslat\" data-alt-text=\"Senden...\" data-submit-text=\"Senden\" aria-live=\"assertive\" value=\"wpforms-submit\">Senden<\/button><\/div><\/form><\/div>  <!-- .wpforms-container --><\/div>\n\t\t\t\t<\/div>\n\t\t\t\t<\/div>\n\t\t\t\t\t<\/div>\n\t\t<\/div>\n\t\t\t\t\t\t\t<\/div>\n\t\t<\/section>\n\t\t\t\t\t<\/div>\n\t\t<\/div>\n\t\t\t\t\t\t\t<\/div>\n\t\t<\/section>\n\t\t\t\t\t\t\t<\/div>\n\t\t","protected":false},"excerpt":{"rendered":"<p>CNC \u2013 Bearbeitung Wir bieten erstklassige CNC \u2013 Bearbeitung, Drehen, Fr\u00e4sen und Abkanten mit hoher Pr\u00e4zision. Beim Programmieren der CNC-Maschinen wenden wir die Software CAM und TruTops Boost an. Wir produzieren sowohl Serien- wie auch Einzelst\u00fccke. Galerie Predo\u0161l\u00e9 \u010eal\u0161ie Schreiben Sie uns Falls Sie Fragen haben, kontaktieren Sie uns<\/p>\n","protected":false},"author":2,"featured_media":0,"parent":0,"menu_order":0,"comment_status":"closed","ping_status":"closed","template":"","meta":{"inline_featured_image":false,"footnotes":""},"class_list":["post-4064","page","type-page","status-publish","hentry"],"yoast_head":"<!-- This site is optimized with the Yoast SEO plugin v20.5 - https:\/\/yoast.com\/wordpress\/plugins\/seo\/ -->\n<title>CNC \u2013 Bearbeitung | Jona-technology.com<\/title>\n<meta name=\"description\" content=\"V\u00fdroba, oprava a servis foriem do vibrolisov, strojov a zariaden\u00ed r\u00f4znych priemyseln\u00fdch odvetv\u00ed, opravy a renov\u00e1cia mechanick\u00fdch \u010dast\u00ed zariaden\u00ed.\" \/>\n<meta name=\"robots\" content=\"index, follow, max-snippet:-1, max-image-preview:large, max-video-preview:-1\" \/>\n<link rel=\"canonical\" href=\"https:\/\/old.jona-technology.sk\/de\/cnc-bearbeitung\/\" \/>\n<meta property=\"og:locale\" content=\"de_DE\" \/>\n<meta property=\"og:type\" content=\"article\" \/>\n<meta property=\"og:title\" content=\"CNC \u2013 Bearbeitung | Jona-technology.com\" \/>\n<meta property=\"og:description\" content=\"V\u00fdroba, oprava a servis foriem do vibrolisov, strojov a zariaden\u00ed r\u00f4znych priemyseln\u00fdch odvetv\u00ed, opravy a renov\u00e1cia mechanick\u00fdch \u010dast\u00ed zariaden\u00ed.\" \/>\n<meta property=\"og:url\" content=\"https:\/\/old.jona-technology.sk\/de\/cnc-bearbeitung\/\" \/>\n<meta property=\"og:site_name\" content=\"jona-technology.com\" \/>\n<meta property=\"article:modified_time\" content=\"2021-07-26T16:15:49+00:00\" \/>\n<meta property=\"og:image\" content=\"https:\/\/www.old.jona-technology.sk\/wp-content\/uploads\/2021\/06\/cnc-obrabanie.jpg\" \/>\n<meta name=\"twitter:card\" content=\"summary_large_image\" \/>\n<meta name=\"twitter:label1\" content=\"Gesch\u00e4tzte Lesezeit\" \/>\n\t<meta name=\"twitter:data1\" content=\"3 Minuten\" \/>\n<script type=\"application\/ld+json\" class=\"yoast-schema-graph\">{\"@context\":\"https:\/\/schema.org\",\"@graph\":[{\"@type\":\"WebPage\",\"@id\":\"https:\/\/old.jona-technology.sk\/de\/cnc-bearbeitung\/\",\"url\":\"https:\/\/old.jona-technology.sk\/de\/cnc-bearbeitung\/\",\"name\":\"CNC \u2013 Bearbeitung | Jona-technology.com\",\"isPartOf\":{\"@id\":\"https:\/\/old.jona-technology.sk\/#website\"},\"datePublished\":\"2021-07-07T09:27:41+00:00\",\"dateModified\":\"2021-07-26T16:15:49+00:00\",\"description\":\"V\u00fdroba, oprava a servis foriem do vibrolisov, strojov a zariaden\u00ed r\u00f4znych priemyseln\u00fdch odvetv\u00ed, opravy a renov\u00e1cia mechanick\u00fdch \u010dast\u00ed zariaden\u00ed.\",\"breadcrumb\":{\"@id\":\"https:\/\/old.jona-technology.sk\/de\/cnc-bearbeitung\/#breadcrumb\"},\"inLanguage\":\"de-DE\",\"potentialAction\":[{\"@type\":\"ReadAction\",\"target\":[\"https:\/\/old.jona-technology.sk\/de\/cnc-bearbeitung\/\"]}]},{\"@type\":\"BreadcrumbList\",\"@id\":\"https:\/\/old.jona-technology.sk\/de\/cnc-bearbeitung\/#breadcrumb\",\"itemListElement\":[{\"@type\":\"ListItem\",\"position\":1,\"name\":\"Domovsk\u00e1 str\u00e1nka\",\"item\":\"https:\/\/jona-technology.de\/\"},{\"@type\":\"ListItem\",\"position\":2,\"name\":\"CNC \u2013 Bearbeitung\"}]},{\"@type\":\"WebSite\",\"@id\":\"https:\/\/old.jona-technology.sk\/#website\",\"url\":\"https:\/\/old.jona-technology.sk\/\",\"name\":\"jona-technology.com\",\"description\":\"\",\"publisher\":{\"@id\":\"https:\/\/old.jona-technology.sk\/#organization\"},\"potentialAction\":[{\"@type\":\"SearchAction\",\"target\":{\"@type\":\"EntryPoint\",\"urlTemplate\":\"https:\/\/old.jona-technology.sk\/?s={search_term_string}\"},\"query-input\":\"required name=search_term_string\"}],\"inLanguage\":\"de-DE\"},{\"@type\":\"Organization\",\"@id\":\"https:\/\/old.jona-technology.sk\/#organization\",\"name\":\"jona-technology.com\",\"url\":\"https:\/\/old.jona-technology.sk\/\",\"logo\":{\"@type\":\"ImageObject\",\"inLanguage\":\"de-DE\",\"@id\":\"https:\/\/old.jona-technology.sk\/#\/schema\/logo\/image\/\",\"url\":\"https:\/\/old.jona-technology.sk\/wp-content\/uploads\/2021\/06\/Group-11.svg\",\"contentUrl\":\"https:\/\/old.jona-technology.sk\/wp-content\/uploads\/2021\/06\/Group-11.svg\",\"width\":109,\"height\":30,\"caption\":\"jona-technology.com\"},\"image\":{\"@id\":\"https:\/\/old.jona-technology.sk\/#\/schema\/logo\/image\/\"}}]}<\/script>\n<!-- \/ Yoast SEO plugin. -->","yoast_head_json":{"title":"CNC \u2013 Bearbeitung | Jona-technology.com","description":"V\u00fdroba, oprava a servis foriem do vibrolisov, strojov a zariaden\u00ed r\u00f4znych priemyseln\u00fdch odvetv\u00ed, opravy a renov\u00e1cia mechanick\u00fdch \u010dast\u00ed zariaden\u00ed.","robots":{"index":"index","follow":"follow","max-snippet":"max-snippet:-1","max-image-preview":"max-image-preview:large","max-video-preview":"max-video-preview:-1"},"canonical":"https:\/\/old.jona-technology.sk\/de\/cnc-bearbeitung\/","og_locale":"de_DE","og_type":"article","og_title":"CNC \u2013 Bearbeitung | Jona-technology.com","og_description":"V\u00fdroba, oprava a servis foriem do vibrolisov, strojov a zariaden\u00ed r\u00f4znych priemyseln\u00fdch odvetv\u00ed, opravy a renov\u00e1cia mechanick\u00fdch \u010dast\u00ed zariaden\u00ed.","og_url":"https:\/\/old.jona-technology.sk\/de\/cnc-bearbeitung\/","og_site_name":"jona-technology.com","article_modified_time":"2021-07-26T16:15:49+00:00","og_image":[{"url":"https:\/\/www.old.jona-technology.sk\/wp-content\/uploads\/2021\/06\/cnc-obrabanie.jpg"}],"twitter_card":"summary_large_image","twitter_misc":{"Gesch\u00e4tzte Lesezeit":"3 Minuten"},"schema":{"@context":"https:\/\/schema.org","@graph":[{"@type":"WebPage","@id":"https:\/\/old.jona-technology.sk\/de\/cnc-bearbeitung\/","url":"https:\/\/old.jona-technology.sk\/de\/cnc-bearbeitung\/","name":"CNC \u2013 Bearbeitung | Jona-technology.com","isPartOf":{"@id":"https:\/\/old.jona-technology.sk\/#website"},"datePublished":"2021-07-07T09:27:41+00:00","dateModified":"2021-07-26T16:15:49+00:00","description":"V\u00fdroba, oprava a servis foriem do vibrolisov, strojov a zariaden\u00ed r\u00f4znych priemyseln\u00fdch odvetv\u00ed, opravy a renov\u00e1cia mechanick\u00fdch \u010dast\u00ed zariaden\u00ed.","breadcrumb":{"@id":"https:\/\/old.jona-technology.sk\/de\/cnc-bearbeitung\/#breadcrumb"},"inLanguage":"de-DE","potentialAction":[{"@type":"ReadAction","target":["https:\/\/old.jona-technology.sk\/de\/cnc-bearbeitung\/"]}]},{"@type":"BreadcrumbList","@id":"https:\/\/old.jona-technology.sk\/de\/cnc-bearbeitung\/#breadcrumb","itemListElement":[{"@type":"ListItem","position":1,"name":"Domovsk\u00e1 str\u00e1nka","item":"https:\/\/jona-technology.de\/"},{"@type":"ListItem","position":2,"name":"CNC \u2013 Bearbeitung"}]},{"@type":"WebSite","@id":"https:\/\/old.jona-technology.sk\/#website","url":"https:\/\/old.jona-technology.sk\/","name":"jona-technology.com","description":"","publisher":{"@id":"https:\/\/old.jona-technology.sk\/#organization"},"potentialAction":[{"@type":"SearchAction","target":{"@type":"EntryPoint","urlTemplate":"https:\/\/old.jona-technology.sk\/?s={search_term_string}"},"query-input":"required name=search_term_string"}],"inLanguage":"de-DE"},{"@type":"Organization","@id":"https:\/\/old.jona-technology.sk\/#organization","name":"jona-technology.com","url":"https:\/\/old.jona-technology.sk\/","logo":{"@type":"ImageObject","inLanguage":"de-DE","@id":"https:\/\/old.jona-technology.sk\/#\/schema\/logo\/image\/","url":"https:\/\/old.jona-technology.sk\/wp-content\/uploads\/2021\/06\/Group-11.svg","contentUrl":"https:\/\/old.jona-technology.sk\/wp-content\/uploads\/2021\/06\/Group-11.svg","width":109,"height":30,"caption":"jona-technology.com"},"image":{"@id":"https:\/\/old.jona-technology.sk\/#\/schema\/logo\/image\/"}}]}},"_links":{"self":[{"href":"https:\/\/old.jona-technology.sk\/de\/wp-json\/wp\/v2\/pages\/4064","targetHints":{"allow":["GET"]}}],"collection":[{"href":"https:\/\/old.jona-technology.sk\/de\/wp-json\/wp\/v2\/pages"}],"about":[{"href":"https:\/\/old.jona-technology.sk\/de\/wp-json\/wp\/v2\/types\/page"}],"author":[{"embeddable":true,"href":"https:\/\/old.jona-technology.sk\/de\/wp-json\/wp\/v2\/users\/2"}],"replies":[{"embeddable":true,"href":"https:\/\/old.jona-technology.sk\/de\/wp-json\/wp\/v2\/comments?post=4064"}],"version-history":[{"count":3,"href":"https:\/\/old.jona-technology.sk\/de\/wp-json\/wp\/v2\/pages\/4064\/revisions"}],"predecessor-version":[{"id":6016,"href":"https:\/\/old.jona-technology.sk\/de\/wp-json\/wp\/v2\/pages\/4064\/revisions\/6016"}],"wp:attachment":[{"href":"https:\/\/old.jona-technology.sk\/de\/wp-json\/wp\/v2\/media?parent=4064"}],"curies":[{"name":"wp","href":"https:\/\/api.w.org\/{rel}","templated":true}]}}