{"id":4544,"date":"2021-07-07T12:10:13","date_gmt":"2021-07-07T10:10:13","guid":{"rendered":"https:\/\/www.old.jona-technology.sk\/erneuerung-und-nachruestung-der-vibropressen\/"},"modified":"2021-09-06T10:12:38","modified_gmt":"2021-09-06T08:12:38","slug":"erneuerung-und-nachruestung-die-steinformmaschinen","status":"publish","type":"page","link":"https:\/\/old.jona-technology.sk\/de\/erneuerung-und-nachruestung-die-steinformmaschinen\/","title":{"rendered":"Erneuerung und Nachr\u00fcstung die Steinformmaschinen"},"content":{"rendered":"\t\t<div data-elementor-type=\"wp-page\" data-elementor-id=\"4544\" class=\"elementor elementor-4544\">\n\t\t\t\t\t\t\t\t\t<section class=\"elementor-section elementor-top-section elementor-element elementor-element-6e740b5e elementor-section-boxed elementor-section-height-default elementor-section-height-default\" data-id=\"6e740b5e\" data-element_type=\"section\" data-settings=\"{&quot;background_background&quot;:&quot;classic&quot;,&quot;_ha_eqh_enable&quot;:false}\">\n\t\t\t\t\t\t\t<div class=\"elementor-background-overlay\"><\/div>\n\t\t\t\t\t\t\t<div class=\"elementor-container elementor-column-gap-no\">\n\t\t\t\t\t<div class=\"elementor-column elementor-col-100 elementor-top-column elementor-element elementor-element-6e7fa923\" data-id=\"6e7fa923\" data-element_type=\"column\">\n\t\t\t<div class=\"elementor-widget-wrap elementor-element-populated\">\n\t\t\t\t\t\t\t\t<div class=\"elementor-element elementor-element-72e78a8b elementor-widget elementor-widget-heading\" data-id=\"72e78a8b\" data-element_type=\"widget\" data-widget_type=\"heading.default\">\n\t\t\t\t<div class=\"elementor-widget-container\">\n\t\t\t<h1 class=\"elementor-heading-title elementor-size-default\">Erneuerung und Nachr\u00fcstung die Steinformmaschinen<\/h1>\t\t<\/div>\n\t\t\t\t<\/div>\n\t\t\t\t\t<\/div>\n\t\t<\/div>\n\t\t\t\t\t\t\t<\/div>\n\t\t<\/section>\n\t\t\t\t<section class=\"elementor-section elementor-top-section elementor-element elementor-element-794431bd elementor-section-content-middle elementor-section-boxed elementor-section-height-default elementor-section-height-default elementor-invisible\" data-id=\"794431bd\" data-element_type=\"section\" data-settings=\"{&quot;background_background&quot;:&quot;classic&quot;,&quot;animation&quot;:&quot;fadeInRight&quot;,&quot;_ha_eqh_enable&quot;:false}\">\n\t\t\t\t\t\t<div class=\"elementor-container elementor-column-gap-no\">\n\t\t\t\t\t<div class=\"elementor-column elementor-col-50 elementor-top-column elementor-element elementor-element-48de321e\" data-id=\"48de321e\" data-element_type=\"column\" data-settings=\"{&quot;background_background&quot;:&quot;classic&quot;}\">\n\t\t\t<div class=\"elementor-widget-wrap elementor-element-populated\">\n\t\t\t\t\t<div class=\"elementor-background-overlay\"><\/div>\n\t\t\t\t\t\t\t\t<div class=\"elementor-element elementor-element-46837042 elementor-widget elementor-widget-image\" data-id=\"46837042\" data-element_type=\"widget\" data-settings=\"{&quot;ha_floating_fx&quot;:&quot;yes&quot;,&quot;ha_floating_fx_translate_toggle&quot;:&quot;yes&quot;,&quot;ha_floating_fx_translate_x&quot;:{&quot;unit&quot;:&quot;px&quot;,&quot;size&quot;:&quot;&quot;,&quot;sizes&quot;:{&quot;from&quot;:0,&quot;to&quot;:0}},&quot;ha_floating_fx_translate_duration&quot;:{&quot;unit&quot;:&quot;px&quot;,&quot;size&quot;:2000,&quot;sizes&quot;:[]},&quot;ha_floating_fx_translate_y&quot;:{&quot;unit&quot;:&quot;px&quot;,&quot;size&quot;:&quot;&quot;,&quot;sizes&quot;:{&quot;from&quot;:0,&quot;to&quot;:5}},&quot;ha_floating_fx_translate_delay&quot;:{&quot;unit&quot;:&quot;px&quot;,&quot;size&quot;:&quot;&quot;,&quot;sizes&quot;:[]}}\" data-widget_type=\"image.default\">\n\t\t\t\t<div class=\"elementor-widget-container\">\n\t\t\t\t\t\t\t\t\t\t\t\t\t\t\t<img decoding=\"async\" width=\"1200\" height=\"900\" src=\"https:\/\/old.jona-technology.sk\/wp-content\/uploads\/2021\/06\/slide-5.jpg\" class=\"attachment-full size-full wp-image-4552\" alt=\"\" srcset=\"https:\/\/old.jona-technology.sk\/wp-content\/uploads\/2021\/06\/slide-5.jpg 1200w, https:\/\/old.jona-technology.sk\/wp-content\/uploads\/2021\/06\/slide-5-300x225.jpg 300w, https:\/\/old.jona-technology.sk\/wp-content\/uploads\/2021\/06\/slide-5-1024x768.jpg 1024w, https:\/\/old.jona-technology.sk\/wp-content\/uploads\/2021\/06\/slide-5-768x576.jpg 768w, https:\/\/old.jona-technology.sk\/wp-content\/uploads\/2021\/06\/slide-5-16x12.jpg 16w\" sizes=\"(max-width: 1200px) 100vw, 1200px\" \/>\t\t\t\t\t\t\t\t\t\t\t\t\t\t\t<\/div>\n\t\t\t\t<\/div>\n\t\t\t\t\t<\/div>\n\t\t<\/div>\n\t\t\t\t<div class=\"elementor-column elementor-col-50 elementor-top-column elementor-element elementor-element-3f578dbe\" data-id=\"3f578dbe\" data-element_type=\"column\">\n\t\t\t<div class=\"elementor-widget-wrap elementor-element-populated\">\n\t\t\t\t\t\t\t\t<div class=\"elementor-element elementor-element-4b5e9ca elementor-widget elementor-widget-text-editor\" data-id=\"4b5e9ca\" data-element_type=\"widget\" data-widget_type=\"text-editor.default\">\n\t\t\t\t<div class=\"elementor-widget-container\">\n\t\t\t\t\t\t\t<p>In unserem Team arbeiten Fachleute mit langj\u00e4hriger Praxis, die \u00fcber <strong>reiche Erfahrungen mit Erneuerung<\/strong> von namhaften und weniger bekannten Maschinen und Einrichtungen zur Herstellung von Betonteilen verf\u00fcgen. Au\u00dfer der Maschinen\u00fcberholung, Fertigung von Ersatzteilen und Komponenten, haben wir auch eine <strong>Nachr\u00fcstung <\/strong><strong>die station\u00e4ren Steinformaschinen <\/strong>durch Zusatzeinrichtungen durchgef\u00fchrt.<\/p>\t\t\t\t\t\t<\/div>\n\t\t\t\t<\/div>\n\t\t\t\t\t<\/div>\n\t\t<\/div>\n\t\t\t\t\t\t\t<\/div>\n\t\t<\/section>\n\t\t\t\t<section class=\"elementor-section elementor-top-section elementor-element elementor-element-27633a54 elementor-section-content-middle elementor-section-boxed elementor-section-height-default elementor-section-height-default elementor-invisible\" data-id=\"27633a54\" data-element_type=\"section\" data-settings=\"{&quot;background_background&quot;:&quot;classic&quot;,&quot;animation&quot;:&quot;fadeInLeft&quot;,&quot;_ha_eqh_enable&quot;:false}\">\n\t\t\t\t\t\t<div class=\"elementor-container elementor-column-gap-no\">\n\t\t\t\t\t<div class=\"elementor-column elementor-col-100 elementor-top-column elementor-element elementor-element-23bc45f2\" data-id=\"23bc45f2\" data-element_type=\"column\">\n\t\t\t<div class=\"elementor-widget-wrap elementor-element-populated\">\n\t\t\t\t\t\t\t\t<div class=\"elementor-element elementor-element-7085d5c5 elementor-widget elementor-widget-heading\" data-id=\"7085d5c5\" data-element_type=\"widget\" data-widget_type=\"heading.default\">\n\t\t\t\t<div class=\"elementor-widget-container\">\n\t\t\t<h2 class=\"elementor-heading-title elementor-size-default\">Galerie<\/h2>\t\t<\/div>\n\t\t\t\t<\/div>\n\t\t\t\t<div class=\"elementor-element elementor-element-7d74fdcb elementor-arrows-position-inside elementor-pagination-position-outside elementor-widget elementor-widget-image-carousel\" data-id=\"7d74fdcb\" data-element_type=\"widget\" data-settings=\"{&quot;slides_to_show&quot;:&quot;3&quot;,&quot;navigation&quot;:&quot;both&quot;,&quot;autoplay&quot;:&quot;yes&quot;,&quot;pause_on_hover&quot;:&quot;yes&quot;,&quot;pause_on_interaction&quot;:&quot;yes&quot;,&quot;autoplay_speed&quot;:5000,&quot;infinite&quot;:&quot;yes&quot;,&quot;speed&quot;:500}\" data-widget_type=\"image-carousel.default\">\n\t\t\t\t<div class=\"elementor-widget-container\">\n\t\t\t\t\t<div class=\"elementor-image-carousel-wrapper swiper-container\" dir=\"ltr\">\n\t\t\t<div class=\"elementor-image-carousel swiper-wrapper\">\n\t\t\t\t\t\t\t\t<div class=\"swiper-slide\"><figure class=\"swiper-slide-inner\"><img decoding=\"async\" class=\"swiper-slide-image\" src=\"https:\/\/old.jona-technology.sk\/wp-content\/uploads\/2021\/06\/vyroba-strojov.jpg\" alt=\"vyroba-strojov\" \/><\/figure><\/div><div class=\"swiper-slide\"><figure class=\"swiper-slide-inner\"><img decoding=\"async\" class=\"swiper-slide-image\" src=\"https:\/\/old.jona-technology.sk\/wp-content\/uploads\/2021\/06\/kalibracny-system-pre-betonove-vyrobky.jpeg\" alt=\"kalibracny-system-pre-betonove-vyrobky\" \/><\/figure><\/div><div class=\"swiper-slide\"><figure class=\"swiper-slide-inner\"><img decoding=\"async\" class=\"swiper-slide-image\" src=\"https:\/\/old.jona-technology.sk\/wp-content\/uploads\/2021\/06\/kovovyroba-jona-1.jpg\" alt=\"kovovyroba-jona\" \/><\/figure><\/div><div class=\"swiper-slide\"><figure class=\"swiper-slide-inner\"><img decoding=\"async\" class=\"swiper-slide-image\" src=\"https:\/\/old.jona-technology.sk\/wp-content\/uploads\/2021\/06\/kvalitna-strojarska-produkcia-1.jpg\" alt=\"kvalitna-strojarska-produkcia\" \/><\/figure><\/div><div class=\"swiper-slide\"><figure class=\"swiper-slide-inner\"><img decoding=\"async\" class=\"swiper-slide-image\" src=\"https:\/\/old.jona-technology.sk\/wp-content\/uploads\/2021\/06\/oprava-vibrolisov-1.jpg\" alt=\"oprava-vibrolisov\" \/><\/figure><\/div><div class=\"swiper-slide\"><figure class=\"swiper-slide-inner\"><img decoding=\"async\" class=\"swiper-slide-image\" src=\"https:\/\/old.jona-technology.sk\/wp-content\/uploads\/2021\/06\/strojarska-vyroba.jpg\" alt=\"strojarska-vyroba\" \/><\/figure><\/div><div class=\"swiper-slide\"><figure class=\"swiper-slide-inner\"><img decoding=\"async\" class=\"swiper-slide-image\" src=\"https:\/\/old.jona-technology.sk\/wp-content\/uploads\/2021\/06\/vyroba-konstrukcii-1.jpg\" alt=\"vyroba-konstrukcii\" \/><\/figure><\/div>\t\t\t<\/div>\n\t\t\t\t\t\t\t\t\t\t\t\t<div class=\"swiper-pagination\"><\/div>\n\t\t\t\t\t\t\t\t\t\t\t\t\t<div class=\"elementor-swiper-button elementor-swiper-button-prev\">\n\t\t\t\t\t\t<i aria-hidden=\"true\" class=\"eicon-chevron-left\"><\/i>\t\t\t\t\t\t<span class=\"elementor-screen-only\">Zur\u00fcck<\/span>\n\t\t\t\t\t<\/div>\n\t\t\t\t\t<div class=\"elementor-swiper-button elementor-swiper-button-next\">\n\t\t\t\t\t\t<i aria-hidden=\"true\" class=\"eicon-chevron-right\"><\/i>\t\t\t\t\t\t<span class=\"elementor-screen-only\">Weiter<\/span>\n\t\t\t\t\t<\/div>\n\t\t\t\t\t\t\t\t\t<\/div>\n\t\t\t\t<\/div>\n\t\t\t\t<\/div>\n\t\t\t\t\t<\/div>\n\t\t<\/div>\n\t\t\t\t\t\t\t<\/div>\n\t\t<\/section>\n\t\t\t\t<section class=\"elementor-section elementor-top-section elementor-element elementor-element-9d9d72b elementor-section-boxed elementor-section-height-default elementor-section-height-default elementor-invisible\" data-id=\"9d9d72b\" data-element_type=\"section\" data-settings=\"{&quot;animation&quot;:&quot;fadeInRight&quot;,&quot;_ha_eqh_enable&quot;:false}\">\n\t\t\t\t\t\t<div class=\"elementor-container elementor-column-gap-default\">\n\t\t\t\t\t<div class=\"elementor-column elementor-col-100 elementor-top-column elementor-element elementor-element-53f9f4b\" data-id=\"53f9f4b\" data-element_type=\"column\" data-settings=\"{&quot;background_background&quot;:&quot;classic&quot;}\">\n\t\t\t<div class=\"elementor-widget-wrap elementor-element-populated\">\n\t\t\t\t\t\t\t\t<section class=\"elementor-section elementor-inner-section elementor-element elementor-element-5d1e2df4 elementor-section-boxed elementor-section-height-default elementor-section-height-default\" data-id=\"5d1e2df4\" data-element_type=\"section\" data-settings=\"{&quot;_ha_eqh_enable&quot;:false}\">\n\t\t\t\t\t\t<div class=\"elementor-container elementor-column-gap-no\">\n\t\t\t\t\t<div class=\"elementor-column elementor-col-100 elementor-inner-column elementor-element elementor-element-57e3791d\" data-id=\"57e3791d\" data-element_type=\"column\" data-settings=\"{&quot;background_background&quot;:&quot;classic&quot;}\">\n\t\t\t<div class=\"elementor-widget-wrap elementor-element-populated\">\n\t\t\t\t\t\t\t\t<div class=\"elementor-element elementor-element-d9fb73b elementor-widget elementor-widget-heading\" data-id=\"d9fb73b\" data-element_type=\"widget\" data-widget_type=\"heading.default\">\n\t\t\t\t<div class=\"elementor-widget-container\">\n\t\t\t<h2 class=\"elementor-heading-title elementor-size-default\">Schreiben Sie uns<\/h2>\t\t<\/div>\n\t\t\t\t<\/div>\n\t\t\t\t<div class=\"elementor-element elementor-element-44d54efc elementor-widget elementor-widget-text-editor\" data-id=\"44d54efc\" data-element_type=\"widget\" data-widget_type=\"text-editor.default\">\n\t\t\t\t<div class=\"elementor-widget-container\">\n\t\t\t\t\t\t\t<p>Falls Sie Fragen haben, kontaktieren Sie uns<\/p>\n\t\t\t\t\t\t<\/div>\n\t\t\t\t<\/div>\n\t\t\t\t<div class=\"elementor-element elementor-element-6cbd5a6b elementor-widget elementor-widget-shortcode\" data-id=\"6cbd5a6b\" data-element_type=\"widget\" data-widget_type=\"shortcode.default\">\n\t\t\t\t<div class=\"elementor-widget-container\">\n\t\t\t\t\t<div class=\"elementor-shortcode\"><div class=\"wpforms-container \" id=\"wpforms-4853\"><form id=\"wpforms-form-4853\" class=\"wpforms-validate wpforms-form\" data-formid=\"4853\" method=\"post\" enctype=\"multipart\/form-data\" action=\"\/de\/wp-json\/wp\/v2\/pages\/4544\" data-token=\"bf1714894d7715e09c0779ca7ff6e442\"><noscript class=\"wpforms-error-noscript\">Bitte aktiviere JavaScript in deinem Browser, um dieses Formular fertigzustellen.<\/noscript><div class=\"wpforms-field-container\"><div id=\"wpforms-4853-field_0-container\" class=\"wpforms-field wpforms-field-name\" data-field-id=\"0\"><label class=\"wpforms-field-label wpforms-label-hide\" for=\"wpforms-4853-field_0\">Name <span class=\"wpforms-required-label\">*<\/span><\/label><input type=\"text\" id=\"wpforms-4853-field_0\" class=\"wpforms-field-large wpforms-field-required\" name=\"wpforms[fields][0]\" placeholder=\"Name\" required><\/div><div id=\"wpforms-4853-field_1-container\" class=\"wpforms-field wpforms-field-email\" data-field-id=\"1\"><label class=\"wpforms-field-label wpforms-label-hide\" for=\"wpforms-4853-field_1\">E-mail <span class=\"wpforms-required-label\">*<\/span><\/label><input type=\"email\" id=\"wpforms-4853-field_1\" class=\"wpforms-field-large wpforms-field-required\" name=\"wpforms[fields][1]\" placeholder=\"E-mail\" spellcheck=\"false\" required><\/div><div id=\"wpforms-4853-field_3-container\" class=\"wpforms-field wpforms-field-text\" data-field-id=\"3\"><label class=\"wpforms-field-label wpforms-label-hide\" for=\"wpforms-4853-field_3\">Betreff <span class=\"wpforms-required-label\">*<\/span><\/label><input type=\"text\" id=\"wpforms-4853-field_3\" class=\"wpforms-field-large wpforms-field-required\" name=\"wpforms[fields][3]\" placeholder=\"Betreff\" required><\/div><div id=\"wpforms-4853-field_2-container\" class=\"wpforms-field wpforms-field-textarea\" data-field-id=\"2\"><label class=\"wpforms-field-label wpforms-label-hide\" for=\"wpforms-4853-field_2\">Ihre Nachricht <span class=\"wpforms-required-label\">*<\/span><\/label><textarea id=\"wpforms-4853-field_2\" class=\"wpforms-field-medium wpforms-field-required\" name=\"wpforms[fields][2]\" placeholder=\"Ihre Nachricht\" required><\/textarea><\/div><div id=\"wpforms-4853-field_4-container\" class=\"wpforms-field wpforms-field-checkbox\" data-field-id=\"4\"><ul id=\"wpforms-4853-field_4\" class=\"wpforms-field-required\"><li class=\"choice-1 depth-1\"><input type=\"checkbox\" id=\"wpforms-4853-field_4_1\" name=\"wpforms[fields][4][]\" value=\"Ich best\u00e4tige, dass ich &lt;a href=&quot;#&quot; target=&quot;_blank&quot;&gt; die Bedingungen f\u00fcr die Verarbeitung personenbezogener Daten&lt;\/a&gt; des Betreibers JONA s.r.o. gelesen habe, und stimme zu, das Kontaktformular mit den ausgef\u00fcllten Daten zu senden.\" required ><label class=\"wpforms-field-label-inline\" for=\"wpforms-4853-field_4_1\">Ich best\u00e4tige, dass ich <a href=\"#\" target=\"_blank\"> die Bedingungen f\u00fcr die Verarbeitung personenbezogener Daten<\/a> des Betreibers JONA s.r.o. gelesen habe, und stimme zu, das Kontaktformular mit den ausgef\u00fcllten Daten zu senden.<\/label><\/li><\/ul><\/div><\/div><!-- .wpforms-field-container --><div class=\"wpforms-field wpforms-field-hp\"><label for=\"wpforms-4853-field-hp\" class=\"wpforms-field-label\">Phone<\/label><input type=\"text\" name=\"wpforms[hp]\" id=\"wpforms-4853-field-hp\" class=\"wpforms-field-medium\"><\/div><div class=\"wpforms-submit-container\" ><input type=\"hidden\" name=\"wpforms[id]\" value=\"4853\"><input type=\"hidden\" name=\"wpforms[author]\" value=\"2\"><button type=\"submit\" name=\"wpforms[submit]\" id=\"wpforms-submit-4853\" class=\"wpforms-submit odoslat\" data-alt-text=\"Senden...\" data-submit-text=\"Senden\" aria-live=\"assertive\" value=\"wpforms-submit\">Senden<\/button><\/div><\/form><\/div>  <!-- .wpforms-container --><\/div>\n\t\t\t\t<\/div>\n\t\t\t\t<\/div>\n\t\t\t\t\t<\/div>\n\t\t<\/div>\n\t\t\t\t\t\t\t<\/div>\n\t\t<\/section>\n\t\t\t\t\t<\/div>\n\t\t<\/div>\n\t\t\t\t\t\t\t<\/div>\n\t\t<\/section>\n\t\t\t\t\t\t\t<\/div>\n\t\t","protected":false},"excerpt":{"rendered":"<p>Erneuerung und Nachr\u00fcstung die Steinformmaschinen In unserem Team arbeiten Fachleute mit langj\u00e4hriger Praxis, die \u00fcber reiche Erfahrungen mit Erneuerung von namhaften und weniger bekannten Maschinen und Einrichtungen zur Herstellung von Betonteilen verf\u00fcgen. Au\u00dfer der Maschinen\u00fcberholung, Fertigung von Ersatzteilen und Komponenten, haben wir auch eine Nachr\u00fcstung die station\u00e4ren Steinformaschinen durch Zusatzeinrichtungen durchgef\u00fchrt. Galerie Predo\u0161l\u00e9 \u010eal\u0161ie Schreiben &hellip;<\/p>\n<p class=\"read-more\"> <a class=\"\" href=\"https:\/\/old.jona-technology.sk\/de\/erneuerung-und-nachruestung-die-steinformmaschinen\/\"> <span class=\"screen-reader-text\">Erneuerung und Nachr\u00fcstung die Steinformmaschinen<\/span> Weiterlesen &raquo;<\/a><\/p>\n","protected":false},"author":2,"featured_media":0,"parent":0,"menu_order":0,"comment_status":"closed","ping_status":"closed","template":"","meta":{"inline_featured_image":false,"footnotes":""},"class_list":["post-4544","page","type-page","status-publish","hentry"],"yoast_head":"<!-- This site is optimized with the Yoast SEO plugin v20.5 - https:\/\/yoast.com\/wordpress\/plugins\/seo\/ -->\n<title>Erneuerung und Nachr\u00fcstung die Steinformmaschinen | Jona-technology.com<\/title>\n<meta name=\"description\" content=\"V\u00fdroba, oprava a servis foriem do vibrolisov, strojov a zariaden\u00ed r\u00f4znych priemyseln\u00fdch odvetv\u00ed, opravy a renov\u00e1cia mechanick\u00fdch \u010dast\u00ed zariaden\u00ed.\" \/>\n<meta name=\"robots\" content=\"index, follow, max-snippet:-1, max-image-preview:large, max-video-preview:-1\" \/>\n<link rel=\"canonical\" href=\"https:\/\/old.jona-technology.sk\/de\/erneuerung-und-nachruestung-die-steinformmaschinen\/\" \/>\n<meta property=\"og:locale\" content=\"de_DE\" \/>\n<meta property=\"og:type\" content=\"article\" \/>\n<meta property=\"og:title\" content=\"Erneuerung und Nachr\u00fcstung die Steinformmaschinen | Jona-technology.com\" \/>\n<meta property=\"og:description\" content=\"V\u00fdroba, oprava a servis foriem do vibrolisov, strojov a zariaden\u00ed r\u00f4znych priemyseln\u00fdch odvetv\u00ed, opravy a renov\u00e1cia mechanick\u00fdch \u010dast\u00ed zariaden\u00ed.\" \/>\n<meta property=\"og:url\" content=\"https:\/\/old.jona-technology.sk\/de\/erneuerung-und-nachruestung-die-steinformmaschinen\/\" \/>\n<meta property=\"og:site_name\" content=\"jona-technology.com\" \/>\n<meta property=\"article:modified_time\" content=\"2021-09-06T08:12:38+00:00\" \/>\n<meta property=\"og:image\" content=\"https:\/\/www.old.jona-technology.sk\/wp-content\/uploads\/2021\/06\/slide-5.jpg\" \/>\n<meta name=\"twitter:card\" content=\"summary_large_image\" \/>\n<meta name=\"twitter:label1\" content=\"Gesch\u00e4tzte Lesezeit\" \/>\n\t<meta name=\"twitter:data1\" content=\"4 Minuten\" \/>\n<script type=\"application\/ld+json\" class=\"yoast-schema-graph\">{\"@context\":\"https:\/\/schema.org\",\"@graph\":[{\"@type\":\"WebPage\",\"@id\":\"https:\/\/old.jona-technology.sk\/de\/erneuerung-und-nachruestung-die-steinformmaschinen\/\",\"url\":\"https:\/\/old.jona-technology.sk\/de\/erneuerung-und-nachruestung-die-steinformmaschinen\/\",\"name\":\"Erneuerung und Nachr\u00fcstung die Steinformmaschinen | Jona-technology.com\",\"isPartOf\":{\"@id\":\"https:\/\/old.jona-technology.sk\/#website\"},\"datePublished\":\"2021-07-07T10:10:13+00:00\",\"dateModified\":\"2021-09-06T08:12:38+00:00\",\"description\":\"V\u00fdroba, oprava a servis foriem do vibrolisov, strojov a zariaden\u00ed r\u00f4znych priemyseln\u00fdch odvetv\u00ed, opravy a renov\u00e1cia mechanick\u00fdch \u010dast\u00ed zariaden\u00ed.\",\"breadcrumb\":{\"@id\":\"https:\/\/old.jona-technology.sk\/de\/erneuerung-und-nachruestung-die-steinformmaschinen\/#breadcrumb\"},\"inLanguage\":\"de-DE\",\"potentialAction\":[{\"@type\":\"ReadAction\",\"target\":[\"https:\/\/old.jona-technology.sk\/de\/erneuerung-und-nachruestung-die-steinformmaschinen\/\"]}]},{\"@type\":\"BreadcrumbList\",\"@id\":\"https:\/\/old.jona-technology.sk\/de\/erneuerung-und-nachruestung-die-steinformmaschinen\/#breadcrumb\",\"itemListElement\":[{\"@type\":\"ListItem\",\"position\":1,\"name\":\"Domovsk\u00e1 str\u00e1nka\",\"item\":\"https:\/\/jona-technology.de\/\"},{\"@type\":\"ListItem\",\"position\":2,\"name\":\"Erneuerung und Nachr\u00fcstung die Steinformmaschinen\"}]},{\"@type\":\"WebSite\",\"@id\":\"https:\/\/old.jona-technology.sk\/#website\",\"url\":\"https:\/\/old.jona-technology.sk\/\",\"name\":\"jona-technology.com\",\"description\":\"\",\"publisher\":{\"@id\":\"https:\/\/old.jona-technology.sk\/#organization\"},\"potentialAction\":[{\"@type\":\"SearchAction\",\"target\":{\"@type\":\"EntryPoint\",\"urlTemplate\":\"https:\/\/old.jona-technology.sk\/?s={search_term_string}\"},\"query-input\":\"required name=search_term_string\"}],\"inLanguage\":\"de-DE\"},{\"@type\":\"Organization\",\"@id\":\"https:\/\/old.jona-technology.sk\/#organization\",\"name\":\"jona-technology.com\",\"url\":\"https:\/\/old.jona-technology.sk\/\",\"logo\":{\"@type\":\"ImageObject\",\"inLanguage\":\"de-DE\",\"@id\":\"https:\/\/old.jona-technology.sk\/#\/schema\/logo\/image\/\",\"url\":\"https:\/\/old.jona-technology.sk\/wp-content\/uploads\/2021\/06\/Group-11.svg\",\"contentUrl\":\"https:\/\/old.jona-technology.sk\/wp-content\/uploads\/2021\/06\/Group-11.svg\",\"width\":109,\"height\":30,\"caption\":\"jona-technology.com\"},\"image\":{\"@id\":\"https:\/\/old.jona-technology.sk\/#\/schema\/logo\/image\/\"}}]}<\/script>\n<!-- \/ Yoast SEO plugin. -->","yoast_head_json":{"title":"Erneuerung und Nachr\u00fcstung die Steinformmaschinen | Jona-technology.com","description":"V\u00fdroba, oprava a servis foriem do vibrolisov, strojov a zariaden\u00ed r\u00f4znych priemyseln\u00fdch odvetv\u00ed, opravy a renov\u00e1cia mechanick\u00fdch \u010dast\u00ed zariaden\u00ed.","robots":{"index":"index","follow":"follow","max-snippet":"max-snippet:-1","max-image-preview":"max-image-preview:large","max-video-preview":"max-video-preview:-1"},"canonical":"https:\/\/old.jona-technology.sk\/de\/erneuerung-und-nachruestung-die-steinformmaschinen\/","og_locale":"de_DE","og_type":"article","og_title":"Erneuerung und Nachr\u00fcstung die Steinformmaschinen | Jona-technology.com","og_description":"V\u00fdroba, oprava a servis foriem do vibrolisov, strojov a zariaden\u00ed r\u00f4znych priemyseln\u00fdch odvetv\u00ed, opravy a renov\u00e1cia mechanick\u00fdch \u010dast\u00ed zariaden\u00ed.","og_url":"https:\/\/old.jona-technology.sk\/de\/erneuerung-und-nachruestung-die-steinformmaschinen\/","og_site_name":"jona-technology.com","article_modified_time":"2021-09-06T08:12:38+00:00","og_image":[{"url":"https:\/\/www.old.jona-technology.sk\/wp-content\/uploads\/2021\/06\/slide-5.jpg"}],"twitter_card":"summary_large_image","twitter_misc":{"Gesch\u00e4tzte Lesezeit":"4 Minuten"},"schema":{"@context":"https:\/\/schema.org","@graph":[{"@type":"WebPage","@id":"https:\/\/old.jona-technology.sk\/de\/erneuerung-und-nachruestung-die-steinformmaschinen\/","url":"https:\/\/old.jona-technology.sk\/de\/erneuerung-und-nachruestung-die-steinformmaschinen\/","name":"Erneuerung und Nachr\u00fcstung die Steinformmaschinen | Jona-technology.com","isPartOf":{"@id":"https:\/\/old.jona-technology.sk\/#website"},"datePublished":"2021-07-07T10:10:13+00:00","dateModified":"2021-09-06T08:12:38+00:00","description":"V\u00fdroba, oprava a servis foriem do vibrolisov, strojov a zariaden\u00ed r\u00f4znych priemyseln\u00fdch odvetv\u00ed, opravy a renov\u00e1cia mechanick\u00fdch \u010dast\u00ed zariaden\u00ed.","breadcrumb":{"@id":"https:\/\/old.jona-technology.sk\/de\/erneuerung-und-nachruestung-die-steinformmaschinen\/#breadcrumb"},"inLanguage":"de-DE","potentialAction":[{"@type":"ReadAction","target":["https:\/\/old.jona-technology.sk\/de\/erneuerung-und-nachruestung-die-steinformmaschinen\/"]}]},{"@type":"BreadcrumbList","@id":"https:\/\/old.jona-technology.sk\/de\/erneuerung-und-nachruestung-die-steinformmaschinen\/#breadcrumb","itemListElement":[{"@type":"ListItem","position":1,"name":"Domovsk\u00e1 str\u00e1nka","item":"https:\/\/jona-technology.de\/"},{"@type":"ListItem","position":2,"name":"Erneuerung und Nachr\u00fcstung die Steinformmaschinen"}]},{"@type":"WebSite","@id":"https:\/\/old.jona-technology.sk\/#website","url":"https:\/\/old.jona-technology.sk\/","name":"jona-technology.com","description":"","publisher":{"@id":"https:\/\/old.jona-technology.sk\/#organization"},"potentialAction":[{"@type":"SearchAction","target":{"@type":"EntryPoint","urlTemplate":"https:\/\/old.jona-technology.sk\/?s={search_term_string}"},"query-input":"required name=search_term_string"}],"inLanguage":"de-DE"},{"@type":"Organization","@id":"https:\/\/old.jona-technology.sk\/#organization","name":"jona-technology.com","url":"https:\/\/old.jona-technology.sk\/","logo":{"@type":"ImageObject","inLanguage":"de-DE","@id":"https:\/\/old.jona-technology.sk\/#\/schema\/logo\/image\/","url":"https:\/\/old.jona-technology.sk\/wp-content\/uploads\/2021\/06\/Group-11.svg","contentUrl":"https:\/\/old.jona-technology.sk\/wp-content\/uploads\/2021\/06\/Group-11.svg","width":109,"height":30,"caption":"jona-technology.com"},"image":{"@id":"https:\/\/old.jona-technology.sk\/#\/schema\/logo\/image\/"}}]}},"_links":{"self":[{"href":"https:\/\/old.jona-technology.sk\/de\/wp-json\/wp\/v2\/pages\/4544","targetHints":{"allow":["GET"]}}],"collection":[{"href":"https:\/\/old.jona-technology.sk\/de\/wp-json\/wp\/v2\/pages"}],"about":[{"href":"https:\/\/old.jona-technology.sk\/de\/wp-json\/wp\/v2\/types\/page"}],"author":[{"embeddable":true,"href":"https:\/\/old.jona-technology.sk\/de\/wp-json\/wp\/v2\/users\/2"}],"replies":[{"embeddable":true,"href":"https:\/\/old.jona-technology.sk\/de\/wp-json\/wp\/v2\/comments?post=4544"}],"version-history":[{"count":5,"href":"https:\/\/old.jona-technology.sk\/de\/wp-json\/wp\/v2\/pages\/4544\/revisions"}],"predecessor-version":[{"id":6412,"href":"https:\/\/old.jona-technology.sk\/de\/wp-json\/wp\/v2\/pages\/4544\/revisions\/6412"}],"wp:attachment":[{"href":"https:\/\/old.jona-technology.sk\/de\/wp-json\/wp\/v2\/media?parent=4544"}],"curies":[{"name":"wp","href":"https:\/\/api.w.org\/{rel}","templated":true}]}}