{"id":3804,"date":"2021-07-07T10:27:58","date_gmt":"2021-07-07T08:27:58","guid":{"rendered":"https:\/\/www.old.jona-technology.sk\/single-purpose-machines-and-equipment\/"},"modified":"2021-08-24T09:27:19","modified_gmt":"2021-08-24T07:27:19","slug":"single-purpose-machines-and-equipment","status":"publish","type":"page","link":"https:\/\/old.jona-technology.sk\/en\/single-purpose-machines-and-equipment\/","title":{"rendered":"Single-purpose machines and equipment"},"content":{"rendered":"\t\t<div data-elementor-type=\"wp-page\" data-elementor-id=\"3804\" class=\"elementor elementor-3804\">\n\t\t\t\t\t\t\t\t\t<section class=\"elementor-section elementor-top-section elementor-element elementor-element-4896b34e elementor-section-boxed elementor-section-height-default elementor-section-height-default\" data-id=\"4896b34e\" data-element_type=\"section\" data-settings=\"{&quot;background_background&quot;:&quot;classic&quot;,&quot;_ha_eqh_enable&quot;:false}\">\n\t\t\t\t\t\t\t<div class=\"elementor-background-overlay\"><\/div>\n\t\t\t\t\t\t\t<div class=\"elementor-container elementor-column-gap-no\">\n\t\t\t\t\t<div class=\"elementor-column elementor-col-100 elementor-top-column elementor-element elementor-element-1871999f\" data-id=\"1871999f\" data-element_type=\"column\">\n\t\t\t<div class=\"elementor-widget-wrap elementor-element-populated\">\n\t\t\t\t\t\t\t\t<div class=\"elementor-element elementor-element-2aaaacc9 elementor-widget elementor-widget-heading\" data-id=\"2aaaacc9\" data-element_type=\"widget\" data-widget_type=\"heading.default\">\n\t\t\t\t<div class=\"elementor-widget-container\">\n\t\t\t<h1 class=\"elementor-heading-title elementor-size-default\">Single-purpose machines and equipment<\/h1>\t\t<\/div>\n\t\t\t\t<\/div>\n\t\t\t\t\t<\/div>\n\t\t<\/div>\n\t\t\t\t\t\t\t<\/div>\n\t\t<\/section>\n\t\t\t\t<section class=\"elementor-section elementor-top-section elementor-element elementor-element-698c6381 elementor-section-content-middle elementor-section-boxed elementor-section-height-default elementor-section-height-default elementor-invisible\" data-id=\"698c6381\" data-element_type=\"section\" data-settings=\"{&quot;background_background&quot;:&quot;classic&quot;,&quot;animation&quot;:&quot;fadeInRight&quot;,&quot;_ha_eqh_enable&quot;:false}\">\n\t\t\t\t\t\t<div class=\"elementor-container elementor-column-gap-no\">\n\t\t\t\t\t<div class=\"elementor-column elementor-col-50 elementor-top-column elementor-element elementor-element-70a9dd15\" data-id=\"70a9dd15\" data-element_type=\"column\" data-settings=\"{&quot;background_background&quot;:&quot;classic&quot;}\">\n\t\t\t<div class=\"elementor-widget-wrap elementor-element-populated\">\n\t\t\t\t\t<div class=\"elementor-background-overlay\"><\/div>\n\t\t\t\t\t\t\t\t<div class=\"elementor-element elementor-element-180795b elementor-widget elementor-widget-image\" data-id=\"180795b\" data-element_type=\"widget\" data-settings=\"{&quot;ha_floating_fx&quot;:&quot;yes&quot;,&quot;ha_floating_fx_translate_toggle&quot;:&quot;yes&quot;,&quot;ha_floating_fx_translate_x&quot;:{&quot;unit&quot;:&quot;px&quot;,&quot;size&quot;:&quot;&quot;,&quot;sizes&quot;:{&quot;from&quot;:0,&quot;to&quot;:0}},&quot;ha_floating_fx_translate_duration&quot;:{&quot;unit&quot;:&quot;px&quot;,&quot;size&quot;:2000,&quot;sizes&quot;:[]},&quot;ha_floating_fx_translate_y&quot;:{&quot;unit&quot;:&quot;px&quot;,&quot;size&quot;:&quot;&quot;,&quot;sizes&quot;:{&quot;from&quot;:0,&quot;to&quot;:5}},&quot;ha_floating_fx_translate_delay&quot;:{&quot;unit&quot;:&quot;px&quot;,&quot;size&quot;:&quot;&quot;,&quot;sizes&quot;:[]}}\" data-widget_type=\"image.default\">\n\t\t\t\t<div class=\"elementor-widget-container\">\n\t\t\t\t\t\t\t\t\t\t\t\t\t\t\t<img decoding=\"async\" width=\"1200\" height=\"900\" src=\"https:\/\/old.jona-technology.sk\/wp-content\/uploads\/2021\/06\/jednoucelove-stroje.jpg\" class=\"attachment-full size-full wp-image-3806\" alt=\"\" srcset=\"https:\/\/old.jona-technology.sk\/wp-content\/uploads\/2021\/06\/jednoucelove-stroje.jpg 1200w, https:\/\/old.jona-technology.sk\/wp-content\/uploads\/2021\/06\/jednoucelove-stroje-300x225.jpg 300w, https:\/\/old.jona-technology.sk\/wp-content\/uploads\/2021\/06\/jednoucelove-stroje-1024x768.jpg 1024w, https:\/\/old.jona-technology.sk\/wp-content\/uploads\/2021\/06\/jednoucelove-stroje-768x576.jpg 768w, https:\/\/old.jona-technology.sk\/wp-content\/uploads\/2021\/06\/jednoucelove-stroje-16x12.jpg 16w\" sizes=\"(max-width: 1200px) 100vw, 1200px\" \/>\t\t\t\t\t\t\t\t\t\t\t\t\t\t\t<\/div>\n\t\t\t\t<\/div>\n\t\t\t\t\t<\/div>\n\t\t<\/div>\n\t\t\t\t<div class=\"elementor-column elementor-col-50 elementor-top-column elementor-element elementor-element-6bd138c4\" data-id=\"6bd138c4\" data-element_type=\"column\">\n\t\t\t<div class=\"elementor-widget-wrap elementor-element-populated\">\n\t\t\t\t\t\t\t\t<div class=\"elementor-element elementor-element-51724f7c elementor-widget elementor-widget-text-editor\" data-id=\"51724f7c\" data-element_type=\"widget\" data-widget_type=\"text-editor.default\">\n\t\t\t\t<div class=\"elementor-widget-container\">\n\t\t\t\t\t\t\t<p>The production of single-purpose machines and equipment is one of the pillars of our company\u2019s production programme. According to the assigned projects and proposals, we will prepare the technical documentation with an emphasis on the <strong>economy, functionality, and safety<\/strong> of the machine or equipment. We have produced machines for various industries, including agriculture, woodworking, and construction.<\/p><p>For manufacturers of precast concrete, we offer mobile <strong>block making machines<\/strong><strong>, handling lines, and conveyor systems<\/strong> as well as other machines and equipment needed to meet new market requirements in the production of concrete blocks.<\/p>\t\t\t\t\t\t<\/div>\n\t\t\t\t<\/div>\n\t\t\t\t\t<\/div>\n\t\t<\/div>\n\t\t\t\t\t\t\t<\/div>\n\t\t<\/section>\n\t\t\t\t<section class=\"elementor-section elementor-top-section elementor-element elementor-element-41818d1f elementor-section-content-middle elementor-section-boxed elementor-section-height-default elementor-section-height-default elementor-invisible\" data-id=\"41818d1f\" data-element_type=\"section\" data-settings=\"{&quot;background_background&quot;:&quot;classic&quot;,&quot;animation&quot;:&quot;fadeInLeft&quot;,&quot;_ha_eqh_enable&quot;:false}\">\n\t\t\t\t\t\t<div class=\"elementor-container elementor-column-gap-no\">\n\t\t\t\t\t<div class=\"elementor-column elementor-col-100 elementor-top-column elementor-element elementor-element-549bb445\" data-id=\"549bb445\" data-element_type=\"column\">\n\t\t\t<div class=\"elementor-widget-wrap elementor-element-populated\">\n\t\t\t\t\t\t\t\t<div class=\"elementor-element elementor-element-5560855c elementor-widget elementor-widget-heading\" data-id=\"5560855c\" data-element_type=\"widget\" data-widget_type=\"heading.default\">\n\t\t\t\t<div class=\"elementor-widget-container\">\n\t\t\t<h2 class=\"elementor-heading-title elementor-size-default\">Gallery<\/h2>\t\t<\/div>\n\t\t\t\t<\/div>\n\t\t\t\t<div class=\"elementor-element elementor-element-72a0b00 elementor-arrows-position-inside elementor-pagination-position-outside elementor-widget elementor-widget-image-carousel\" data-id=\"72a0b00\" data-element_type=\"widget\" data-settings=\"{&quot;slides_to_show&quot;:&quot;3&quot;,&quot;navigation&quot;:&quot;both&quot;,&quot;autoplay&quot;:&quot;yes&quot;,&quot;pause_on_hover&quot;:&quot;yes&quot;,&quot;pause_on_interaction&quot;:&quot;yes&quot;,&quot;autoplay_speed&quot;:5000,&quot;infinite&quot;:&quot;yes&quot;,&quot;speed&quot;:500}\" data-widget_type=\"image-carousel.default\">\n\t\t\t\t<div class=\"elementor-widget-container\">\n\t\t\t\t\t<div class=\"elementor-image-carousel-wrapper swiper-container\" dir=\"ltr\">\n\t\t\t<div class=\"elementor-image-carousel swiper-wrapper\">\n\t\t\t\t\t\t\t\t<div class=\"swiper-slide\"><figure class=\"swiper-slide-inner\"><img decoding=\"async\" class=\"swiper-slide-image\" src=\"https:\/\/old.jona-technology.sk\/wp-content\/uploads\/2021\/06\/automatizacia-vyroby.jpg\" alt=\"automatizacia-vyroby\" \/><\/figure><\/div><div class=\"swiper-slide\"><figure class=\"swiper-slide-inner\"><img decoding=\"async\" class=\"swiper-slide-image\" src=\"https:\/\/old.jona-technology.sk\/wp-content\/uploads\/2021\/06\/IMG_2705.jpg\" alt=\"IMG_2705\" \/><\/figure><\/div><div class=\"swiper-slide\"><figure class=\"swiper-slide-inner\"><img decoding=\"async\" class=\"swiper-slide-image\" src=\"https:\/\/old.jona-technology.sk\/wp-content\/uploads\/2021\/06\/jednoucelove-stroje-1.jpg\" alt=\"jednoucelove-stroje\" \/><\/figure><\/div><div class=\"swiper-slide\"><figure class=\"swiper-slide-inner\"><img decoding=\"async\" class=\"swiper-slide-image\" src=\"https:\/\/old.jona-technology.sk\/wp-content\/uploads\/2021\/06\/jednoucelovy-stroj.jpg\" alt=\"jednoucelovy-stroj\" \/><\/figure><\/div><div class=\"swiper-slide\"><figure class=\"swiper-slide-inner\"><img decoding=\"async\" class=\"swiper-slide-image\" src=\"https:\/\/old.jona-technology.sk\/wp-content\/uploads\/2021\/06\/jona-technology-pre-vibrolisi.jpg\" alt=\"jona-technology-pre-vibrolisi\" \/><\/figure><\/div><div class=\"swiper-slide\"><figure class=\"swiper-slide-inner\"><img decoding=\"async\" class=\"swiper-slide-image\" src=\"https:\/\/old.jona-technology.sk\/wp-content\/uploads\/2021\/06\/jona-technology-stroje.jpg\" alt=\"jona-technology-stroje\" \/><\/figure><\/div><div class=\"swiper-slide\"><figure class=\"swiper-slide-inner\"><img decoding=\"async\" class=\"swiper-slide-image\" src=\"https:\/\/old.jona-technology.sk\/wp-content\/uploads\/2021\/06\/prototypove-zariadenia-jona.jpg\" alt=\"prototypove-zariadenia-jona\" \/><\/figure><\/div><div class=\"swiper-slide\"><figure class=\"swiper-slide-inner\"><img decoding=\"async\" class=\"swiper-slide-image\" src=\"https:\/\/old.jona-technology.sk\/wp-content\/uploads\/2021\/06\/vibracny-stol-2.jpg\" alt=\"vibracny-stol\" \/><\/figure><\/div><div class=\"swiper-slide\"><figure class=\"swiper-slide-inner\"><img decoding=\"async\" class=\"swiper-slide-image\" src=\"https:\/\/old.jona-technology.sk\/wp-content\/uploads\/2021\/06\/vyroba-jednoucelovych-zariadeni.jpg\" alt=\"vyroba-jednoucelovych-zariadeni\" \/><\/figure><\/div><div class=\"swiper-slide\"><figure class=\"swiper-slide-inner\"><img decoding=\"async\" class=\"swiper-slide-image\" src=\"https:\/\/old.jona-technology.sk\/wp-content\/uploads\/2021\/06\/vyroba-liniek.jpg\" alt=\"vyroba-liniek\" \/><\/figure><\/div><div class=\"swiper-slide\"><figure class=\"swiper-slide-inner\"><img decoding=\"async\" class=\"swiper-slide-image\" src=\"https:\/\/old.jona-technology.sk\/wp-content\/uploads\/2021\/06\/vyroba-prototypov.jpg\" alt=\"vyroba-prototypov\" \/><\/figure><\/div>\t\t\t<\/div>\n\t\t\t\t\t\t\t\t\t\t\t\t<div class=\"swiper-pagination\"><\/div>\n\t\t\t\t\t\t\t\t\t\t\t\t\t<div class=\"elementor-swiper-button elementor-swiper-button-prev\">\n\t\t\t\t\t\t<i aria-hidden=\"true\" class=\"eicon-chevron-left\"><\/i>\t\t\t\t\t\t<span class=\"elementor-screen-only\">Previous<\/span>\n\t\t\t\t\t<\/div>\n\t\t\t\t\t<div class=\"elementor-swiper-button elementor-swiper-button-next\">\n\t\t\t\t\t\t<i aria-hidden=\"true\" class=\"eicon-chevron-right\"><\/i>\t\t\t\t\t\t<span class=\"elementor-screen-only\">Next<\/span>\n\t\t\t\t\t<\/div>\n\t\t\t\t\t\t\t\t\t<\/div>\n\t\t\t\t<\/div>\n\t\t\t\t<\/div>\n\t\t\t\t\t<\/div>\n\t\t<\/div>\n\t\t\t\t\t\t\t<\/div>\n\t\t<\/section>\n\t\t\t\t<section class=\"elementor-section elementor-top-section elementor-element elementor-element-5a6bd013 elementor-section-boxed elementor-section-height-default elementor-section-height-default elementor-invisible\" data-id=\"5a6bd013\" data-element_type=\"section\" data-settings=\"{&quot;animation&quot;:&quot;fadeInRight&quot;,&quot;_ha_eqh_enable&quot;:false}\">\n\t\t\t\t\t\t<div class=\"elementor-container elementor-column-gap-default\">\n\t\t\t\t\t<div class=\"elementor-column elementor-col-100 elementor-top-column elementor-element elementor-element-338f7b24\" data-id=\"338f7b24\" data-element_type=\"column\" data-settings=\"{&quot;background_background&quot;:&quot;classic&quot;}\">\n\t\t\t<div class=\"elementor-widget-wrap elementor-element-populated\">\n\t\t\t\t\t\t\t\t<section class=\"elementor-section elementor-inner-section elementor-element elementor-element-25fd4b84 elementor-section-boxed elementor-section-height-default elementor-section-height-default\" data-id=\"25fd4b84\" data-element_type=\"section\" data-settings=\"{&quot;_ha_eqh_enable&quot;:false}\">\n\t\t\t\t\t\t<div class=\"elementor-container elementor-column-gap-no\">\n\t\t\t\t\t<div class=\"elementor-column elementor-col-100 elementor-inner-column elementor-element elementor-element-2cd50218\" data-id=\"2cd50218\" data-element_type=\"column\" data-settings=\"{&quot;background_background&quot;:&quot;classic&quot;}\">\n\t\t\t<div class=\"elementor-widget-wrap elementor-element-populated\">\n\t\t\t\t\t\t\t\t<div class=\"elementor-element elementor-element-69d8d8f9 elementor-widget elementor-widget-heading\" data-id=\"69d8d8f9\" data-element_type=\"widget\" data-widget_type=\"heading.default\">\n\t\t\t\t<div class=\"elementor-widget-container\">\n\t\t\t<h2 class=\"elementor-heading-title elementor-size-default\">Contact us<\/h2>\t\t<\/div>\n\t\t\t\t<\/div>\n\t\t\t\t<div class=\"elementor-element elementor-element-6f118f77 elementor-widget elementor-widget-text-editor\" data-id=\"6f118f77\" data-element_type=\"widget\" data-widget_type=\"text-editor.default\">\n\t\t\t\t<div class=\"elementor-widget-container\">\n\t\t\t\t\t\t\t<p>If you have any questions, do not hesitate to contact us.<\/p>\n\t\t\t\t\t\t<\/div>\n\t\t\t\t<\/div>\n\t\t\t\t<div class=\"elementor-element elementor-element-5bbfe2a9 elementor-widget elementor-widget-shortcode\" data-id=\"5bbfe2a9\" data-element_type=\"widget\" data-widget_type=\"shortcode.default\">\n\t\t\t\t<div class=\"elementor-widget-container\">\n\t\t\t\t\t<div class=\"elementor-shortcode\"><div class=\"wpforms-container \" id=\"wpforms-4841\"><form id=\"wpforms-form-4841\" class=\"wpforms-validate wpforms-form\" data-formid=\"4841\" method=\"post\" enctype=\"multipart\/form-data\" action=\"\/en\/wp-json\/wp\/v2\/pages\/3804\" data-token=\"1f7f62e01146a94192a451486e5fbc28\"><noscript class=\"wpforms-error-noscript\">Please enable JavaScript in your browser to complete this form.<\/noscript><div class=\"wpforms-field-container\"><div id=\"wpforms-4841-field_0-container\" class=\"wpforms-field wpforms-field-name\" data-field-id=\"0\"><label class=\"wpforms-field-label wpforms-label-hide\" for=\"wpforms-4841-field_0\">Name <span class=\"wpforms-required-label\">*<\/span><\/label><input type=\"text\" id=\"wpforms-4841-field_0\" class=\"wpforms-field-large wpforms-field-required\" name=\"wpforms[fields][0]\" placeholder=\"Name\" required><\/div><div id=\"wpforms-4841-field_1-container\" class=\"wpforms-field wpforms-field-email\" data-field-id=\"1\"><label class=\"wpforms-field-label wpforms-label-hide\" for=\"wpforms-4841-field_1\">E-mail <span class=\"wpforms-required-label\">*<\/span><\/label><input type=\"email\" id=\"wpforms-4841-field_1\" class=\"wpforms-field-large wpforms-field-required\" name=\"wpforms[fields][1]\" placeholder=\"E-mail\" spellcheck=\"false\" required><\/div><div id=\"wpforms-4841-field_3-container\" class=\"wpforms-field wpforms-field-text\" data-field-id=\"3\"><label class=\"wpforms-field-label wpforms-label-hide\" for=\"wpforms-4841-field_3\">Subject <span class=\"wpforms-required-label\">*<\/span><\/label><input type=\"text\" id=\"wpforms-4841-field_3\" class=\"wpforms-field-large wpforms-field-required\" name=\"wpforms[fields][3]\" placeholder=\"Subject\" required><\/div><div id=\"wpforms-4841-field_2-container\" class=\"wpforms-field wpforms-field-textarea\" data-field-id=\"2\"><label class=\"wpforms-field-label wpforms-label-hide\" for=\"wpforms-4841-field_2\">Your message <span class=\"wpforms-required-label\">*<\/span><\/label><textarea id=\"wpforms-4841-field_2\" class=\"wpforms-field-medium wpforms-field-required\" name=\"wpforms[fields][2]\" placeholder=\"Your message\" required><\/textarea><\/div><div id=\"wpforms-4841-field_4-container\" class=\"wpforms-field wpforms-field-checkbox\" data-field-id=\"4\"><ul id=\"wpforms-4841-field_4\" class=\"wpforms-field-required\"><li class=\"choice-1 depth-1\"><input type=\"checkbox\" id=\"wpforms-4841-field_4_1\" name=\"wpforms[fields][4][]\" value=\"I hereby confirm I have familiarised myself with the &lt;a href=&quot;#&quot; target=&quot;_blank&quot;&gt; terms of personal data processing&lt;\/a&gt; of the controller JONA s.r.o. and I agree to be sent a contact form with pre-filled information.\" required ><label class=\"wpforms-field-label-inline\" for=\"wpforms-4841-field_4_1\">I hereby confirm I have familiarised myself with the <a href=\"#\" target=\"_blank\"> terms of personal data processing<\/a> of the controller JONA s.r.o. and I agree to be sent a contact form with pre-filled information.<\/label><\/li><\/ul><\/div><\/div><!-- .wpforms-field-container --><div class=\"wpforms-field wpforms-field-hp\"><label for=\"wpforms-4841-field-hp\" class=\"wpforms-field-label\">Phone<\/label><input type=\"text\" name=\"wpforms[hp]\" id=\"wpforms-4841-field-hp\" class=\"wpforms-field-medium\"><\/div><div class=\"wpforms-submit-container\" ><input type=\"hidden\" name=\"wpforms[id]\" value=\"4841\"><input type=\"hidden\" name=\"wpforms[author]\" value=\"2\"><button type=\"submit\" name=\"wpforms[submit]\" id=\"wpforms-submit-4841\" class=\"wpforms-submit odoslat\" data-alt-text=\"Sending...\" data-submit-text=\"Send\" aria-live=\"assertive\" value=\"wpforms-submit\">Send<\/button><\/div><\/form><\/div>  <!-- .wpforms-container -->\t<\/div>\n\t\t\t\t<\/div>\n\t\t\t\t<\/div>\n\t\t\t\t\t<\/div>\n\t\t<\/div>\n\t\t\t\t\t\t\t<\/div>\n\t\t<\/section>\n\t\t\t\t\t<\/div>\n\t\t<\/div>\n\t\t\t\t\t\t\t<\/div>\n\t\t<\/section>\n\t\t\t\t\t\t\t<\/div>\n\t\t","protected":false},"excerpt":{"rendered":"<p>Single-purpose machines and equipment The production of single-purpose machines and equipment is one of the pillars of our company\u2019s production programme. According to the assigned projects and proposals, we will prepare the technical documentation with an emphasis on the economy, functionality, and safety of the machine or equipment. We have produced machines for various industries, &hellip;<\/p>\n<p class=\"read-more\"> <a class=\"\" href=\"https:\/\/old.jona-technology.sk\/en\/single-purpose-machines-and-equipment\/\"> <span class=\"screen-reader-text\">Single-purpose machines and equipment<\/span> Read More &raquo;<\/a><\/p>\n","protected":false},"author":2,"featured_media":0,"parent":0,"menu_order":0,"comment_status":"closed","ping_status":"closed","template":"","meta":{"inline_featured_image":false,"footnotes":""},"class_list":["post-3804","page","type-page","status-publish","hentry"],"yoast_head":"<!-- This site is optimized with the Yoast SEO plugin v20.5 - https:\/\/yoast.com\/wordpress\/plugins\/seo\/ -->\n<title>Single-purpose machines and equipment | Jona-technology.com<\/title>\n<meta name=\"description\" content=\"V\u00fdroba, oprava a servis foriem do vibrolisov, strojov a zariaden\u00ed r\u00f4znych priemyseln\u00fdch odvetv\u00ed, opravy a renov\u00e1cia mechanick\u00fdch \u010dast\u00ed zariaden\u00ed.\" \/>\n<meta name=\"robots\" content=\"index, follow, max-snippet:-1, max-image-preview:large, max-video-preview:-1\" \/>\n<link rel=\"canonical\" href=\"https:\/\/old.jona-technology.sk\/en\/single-purpose-machines-and-equipment\/\" \/>\n<meta property=\"og:locale\" content=\"en_US\" \/>\n<meta property=\"og:type\" content=\"article\" \/>\n<meta property=\"og:title\" content=\"Single-purpose machines and equipment | Jona-technology.com\" \/>\n<meta property=\"og:description\" content=\"V\u00fdroba, oprava a servis foriem do vibrolisov, strojov a zariaden\u00ed r\u00f4znych priemyseln\u00fdch odvetv\u00ed, opravy a renov\u00e1cia mechanick\u00fdch \u010dast\u00ed zariaden\u00ed.\" \/>\n<meta property=\"og:url\" content=\"https:\/\/old.jona-technology.sk\/en\/single-purpose-machines-and-equipment\/\" \/>\n<meta property=\"og:site_name\" content=\"jona-technology.com\" \/>\n<meta property=\"article:modified_time\" content=\"2021-08-24T07:27:19+00:00\" \/>\n<meta property=\"og:image\" content=\"https:\/\/jona-technology.com\/wp-content\/uploads\/2021\/06\/jednoucelove-stroje.jpg\" \/>\n<meta name=\"twitter:card\" content=\"summary_large_image\" \/>\n<meta name=\"twitter:label1\" content=\"Est. reading time\" \/>\n\t<meta name=\"twitter:data1\" content=\"5 minutes\" \/>\n<script type=\"application\/ld+json\" class=\"yoast-schema-graph\">{\"@context\":\"https:\/\/schema.org\",\"@graph\":[{\"@type\":\"WebPage\",\"@id\":\"https:\/\/old.jona-technology.sk\/en\/single-purpose-machines-and-equipment\/\",\"url\":\"https:\/\/old.jona-technology.sk\/en\/single-purpose-machines-and-equipment\/\",\"name\":\"Single-purpose machines and equipment | Jona-technology.com\",\"isPartOf\":{\"@id\":\"https:\/\/old.jona-technology.sk\/#website\"},\"datePublished\":\"2021-07-07T08:27:58+00:00\",\"dateModified\":\"2021-08-24T07:27:19+00:00\",\"description\":\"V\u00fdroba, oprava a servis foriem do vibrolisov, strojov a zariaden\u00ed r\u00f4znych priemyseln\u00fdch odvetv\u00ed, opravy a renov\u00e1cia mechanick\u00fdch \u010dast\u00ed zariaden\u00ed.\",\"breadcrumb\":{\"@id\":\"https:\/\/old.jona-technology.sk\/en\/single-purpose-machines-and-equipment\/#breadcrumb\"},\"inLanguage\":\"en-US\",\"potentialAction\":[{\"@type\":\"ReadAction\",\"target\":[\"https:\/\/old.jona-technology.sk\/en\/single-purpose-machines-and-equipment\/\"]}]},{\"@type\":\"BreadcrumbList\",\"@id\":\"https:\/\/old.jona-technology.sk\/en\/single-purpose-machines-and-equipment\/#breadcrumb\",\"itemListElement\":[{\"@type\":\"ListItem\",\"position\":1,\"name\":\"Domovsk\u00e1 str\u00e1nka\",\"item\":\"https:\/\/old.jona-technology.sk\/en\/\"},{\"@type\":\"ListItem\",\"position\":2,\"name\":\"Single-purpose machines and equipment\"}]},{\"@type\":\"WebSite\",\"@id\":\"https:\/\/old.jona-technology.sk\/#website\",\"url\":\"https:\/\/old.jona-technology.sk\/\",\"name\":\"jona-technology.com\",\"description\":\"\",\"publisher\":{\"@id\":\"https:\/\/old.jona-technology.sk\/#organization\"},\"potentialAction\":[{\"@type\":\"SearchAction\",\"target\":{\"@type\":\"EntryPoint\",\"urlTemplate\":\"https:\/\/old.jona-technology.sk\/?s={search_term_string}\"},\"query-input\":\"required name=search_term_string\"}],\"inLanguage\":\"en-US\"},{\"@type\":\"Organization\",\"@id\":\"https:\/\/old.jona-technology.sk\/#organization\",\"name\":\"jona-technology.com\",\"url\":\"https:\/\/old.jona-technology.sk\/\",\"logo\":{\"@type\":\"ImageObject\",\"inLanguage\":\"en-US\",\"@id\":\"https:\/\/old.jona-technology.sk\/#\/schema\/logo\/image\/\",\"url\":\"https:\/\/old.jona-technology.sk\/wp-content\/uploads\/2021\/06\/Group-11.svg\",\"contentUrl\":\"https:\/\/old.jona-technology.sk\/wp-content\/uploads\/2021\/06\/Group-11.svg\",\"width\":109,\"height\":30,\"caption\":\"jona-technology.com\"},\"image\":{\"@id\":\"https:\/\/old.jona-technology.sk\/#\/schema\/logo\/image\/\"}}]}<\/script>\n<!-- \/ Yoast SEO plugin. -->","yoast_head_json":{"title":"Single-purpose machines and equipment | Jona-technology.com","description":"V\u00fdroba, oprava a servis foriem do vibrolisov, strojov a zariaden\u00ed r\u00f4znych priemyseln\u00fdch odvetv\u00ed, opravy a renov\u00e1cia mechanick\u00fdch \u010dast\u00ed zariaden\u00ed.","robots":{"index":"index","follow":"follow","max-snippet":"max-snippet:-1","max-image-preview":"max-image-preview:large","max-video-preview":"max-video-preview:-1"},"canonical":"https:\/\/old.jona-technology.sk\/en\/single-purpose-machines-and-equipment\/","og_locale":"en_US","og_type":"article","og_title":"Single-purpose machines and equipment | Jona-technology.com","og_description":"V\u00fdroba, oprava a servis foriem do vibrolisov, strojov a zariaden\u00ed r\u00f4znych priemyseln\u00fdch odvetv\u00ed, opravy a renov\u00e1cia mechanick\u00fdch \u010dast\u00ed zariaden\u00ed.","og_url":"https:\/\/old.jona-technology.sk\/en\/single-purpose-machines-and-equipment\/","og_site_name":"jona-technology.com","article_modified_time":"2021-08-24T07:27:19+00:00","og_image":[{"url":"https:\/\/jona-technology.com\/wp-content\/uploads\/2021\/06\/jednoucelove-stroje.jpg"}],"twitter_card":"summary_large_image","twitter_misc":{"Est. reading time":"5 minutes"},"schema":{"@context":"https:\/\/schema.org","@graph":[{"@type":"WebPage","@id":"https:\/\/old.jona-technology.sk\/en\/single-purpose-machines-and-equipment\/","url":"https:\/\/old.jona-technology.sk\/en\/single-purpose-machines-and-equipment\/","name":"Single-purpose machines and equipment | Jona-technology.com","isPartOf":{"@id":"https:\/\/old.jona-technology.sk\/#website"},"datePublished":"2021-07-07T08:27:58+00:00","dateModified":"2021-08-24T07:27:19+00:00","description":"V\u00fdroba, oprava a servis foriem do vibrolisov, strojov a zariaden\u00ed r\u00f4znych priemyseln\u00fdch odvetv\u00ed, opravy a renov\u00e1cia mechanick\u00fdch \u010dast\u00ed zariaden\u00ed.","breadcrumb":{"@id":"https:\/\/old.jona-technology.sk\/en\/single-purpose-machines-and-equipment\/#breadcrumb"},"inLanguage":"en-US","potentialAction":[{"@type":"ReadAction","target":["https:\/\/old.jona-technology.sk\/en\/single-purpose-machines-and-equipment\/"]}]},{"@type":"BreadcrumbList","@id":"https:\/\/old.jona-technology.sk\/en\/single-purpose-machines-and-equipment\/#breadcrumb","itemListElement":[{"@type":"ListItem","position":1,"name":"Domovsk\u00e1 str\u00e1nka","item":"https:\/\/old.jona-technology.sk\/en\/"},{"@type":"ListItem","position":2,"name":"Single-purpose machines and equipment"}]},{"@type":"WebSite","@id":"https:\/\/old.jona-technology.sk\/#website","url":"https:\/\/old.jona-technology.sk\/","name":"jona-technology.com","description":"","publisher":{"@id":"https:\/\/old.jona-technology.sk\/#organization"},"potentialAction":[{"@type":"SearchAction","target":{"@type":"EntryPoint","urlTemplate":"https:\/\/old.jona-technology.sk\/?s={search_term_string}"},"query-input":"required name=search_term_string"}],"inLanguage":"en-US"},{"@type":"Organization","@id":"https:\/\/old.jona-technology.sk\/#organization","name":"jona-technology.com","url":"https:\/\/old.jona-technology.sk\/","logo":{"@type":"ImageObject","inLanguage":"en-US","@id":"https:\/\/old.jona-technology.sk\/#\/schema\/logo\/image\/","url":"https:\/\/old.jona-technology.sk\/wp-content\/uploads\/2021\/06\/Group-11.svg","contentUrl":"https:\/\/old.jona-technology.sk\/wp-content\/uploads\/2021\/06\/Group-11.svg","width":109,"height":30,"caption":"jona-technology.com"},"image":{"@id":"https:\/\/old.jona-technology.sk\/#\/schema\/logo\/image\/"}}]}},"_links":{"self":[{"href":"https:\/\/old.jona-technology.sk\/en\/wp-json\/wp\/v2\/pages\/3804","targetHints":{"allow":["GET"]}}],"collection":[{"href":"https:\/\/old.jona-technology.sk\/en\/wp-json\/wp\/v2\/pages"}],"about":[{"href":"https:\/\/old.jona-technology.sk\/en\/wp-json\/wp\/v2\/types\/page"}],"author":[{"embeddable":true,"href":"https:\/\/old.jona-technology.sk\/en\/wp-json\/wp\/v2\/users\/2"}],"replies":[{"embeddable":true,"href":"https:\/\/old.jona-technology.sk\/en\/wp-json\/wp\/v2\/comments?post=3804"}],"version-history":[{"count":5,"href":"https:\/\/old.jona-technology.sk\/en\/wp-json\/wp\/v2\/pages\/3804\/revisions"}],"predecessor-version":[{"id":6217,"href":"https:\/\/old.jona-technology.sk\/en\/wp-json\/wp\/v2\/pages\/3804\/revisions\/6217"}],"wp:attachment":[{"href":"https:\/\/old.jona-technology.sk\/en\/wp-json\/wp\/v2\/media?parent=3804"}],"curies":[{"name":"wp","href":"https:\/\/api.w.org\/{rel}","templated":true}]}}