{"id":3877,"date":"2021-07-07T10:35:22","date_gmt":"2021-07-07T08:35:22","guid":{"rendered":"https:\/\/www.old.jona-technology.sk\/the-production-of-spare-parts\/"},"modified":"2021-08-24T09:29:19","modified_gmt":"2021-08-24T07:29:19","slug":"the-production-of-spare-parts","status":"publish","type":"page","link":"https:\/\/old.jona-technology.sk\/en\/the-production-of-spare-parts\/","title":{"rendered":"The production of spare parts"},"content":{"rendered":"\t\t<div data-elementor-type=\"wp-page\" data-elementor-id=\"3877\" class=\"elementor elementor-3877\">\n\t\t\t\t\t\t\t\t\t<section class=\"elementor-section elementor-top-section elementor-element elementor-element-6ce13456 elementor-section-boxed elementor-section-height-default elementor-section-height-default\" data-id=\"6ce13456\" data-element_type=\"section\" data-settings=\"{&quot;background_background&quot;:&quot;classic&quot;,&quot;_ha_eqh_enable&quot;:false}\">\n\t\t\t\t\t\t\t<div class=\"elementor-background-overlay\"><\/div>\n\t\t\t\t\t\t\t<div class=\"elementor-container elementor-column-gap-no\">\n\t\t\t\t\t<div class=\"elementor-column elementor-col-100 elementor-top-column elementor-element elementor-element-28279257\" data-id=\"28279257\" data-element_type=\"column\">\n\t\t\t<div class=\"elementor-widget-wrap elementor-element-populated\">\n\t\t\t\t\t\t\t\t<div class=\"elementor-element elementor-element-4eed618d elementor-widget elementor-widget-heading\" data-id=\"4eed618d\" data-element_type=\"widget\" data-widget_type=\"heading.default\">\n\t\t\t\t<div class=\"elementor-widget-container\">\n\t\t\t<h1 class=\"elementor-heading-title elementor-size-default\">The production of spare parts<\/h1>\t\t<\/div>\n\t\t\t\t<\/div>\n\t\t\t\t\t<\/div>\n\t\t<\/div>\n\t\t\t\t\t\t\t<\/div>\n\t\t<\/section>\n\t\t\t\t<section class=\"elementor-section elementor-top-section elementor-element elementor-element-2cc2d1ec elementor-section-content-middle elementor-section-boxed elementor-section-height-default elementor-section-height-default elementor-invisible\" data-id=\"2cc2d1ec\" data-element_type=\"section\" data-settings=\"{&quot;background_background&quot;:&quot;classic&quot;,&quot;animation&quot;:&quot;fadeInRight&quot;,&quot;_ha_eqh_enable&quot;:false}\">\n\t\t\t\t\t\t<div class=\"elementor-container elementor-column-gap-no\">\n\t\t\t\t\t<div class=\"elementor-column elementor-col-50 elementor-top-column elementor-element elementor-element-461ec634\" data-id=\"461ec634\" data-element_type=\"column\" data-settings=\"{&quot;background_background&quot;:&quot;classic&quot;}\">\n\t\t\t<div class=\"elementor-widget-wrap elementor-element-populated\">\n\t\t\t\t\t<div class=\"elementor-background-overlay\"><\/div>\n\t\t\t\t\t\t\t\t<div class=\"elementor-element elementor-element-f442b56 elementor-widget elementor-widget-image\" data-id=\"f442b56\" data-element_type=\"widget\" data-settings=\"{&quot;ha_floating_fx&quot;:&quot;yes&quot;,&quot;ha_floating_fx_translate_toggle&quot;:&quot;yes&quot;,&quot;ha_floating_fx_translate_x&quot;:{&quot;unit&quot;:&quot;px&quot;,&quot;size&quot;:&quot;&quot;,&quot;sizes&quot;:{&quot;from&quot;:0,&quot;to&quot;:0}},&quot;ha_floating_fx_translate_duration&quot;:{&quot;unit&quot;:&quot;px&quot;,&quot;size&quot;:2000,&quot;sizes&quot;:[]},&quot;ha_floating_fx_translate_y&quot;:{&quot;unit&quot;:&quot;px&quot;,&quot;size&quot;:&quot;&quot;,&quot;sizes&quot;:{&quot;from&quot;:0,&quot;to&quot;:5}},&quot;ha_floating_fx_translate_delay&quot;:{&quot;unit&quot;:&quot;px&quot;,&quot;size&quot;:&quot;&quot;,&quot;sizes&quot;:[]}}\" data-widget_type=\"image.default\">\n\t\t\t\t<div class=\"elementor-widget-container\">\n\t\t\t\t\t\t\t\t\t\t\t\t\t\t\t<img decoding=\"async\" width=\"1200\" height=\"900\" src=\"https:\/\/old.jona-technology.sk\/wp-content\/uploads\/2021\/06\/cnc-vyroba.jpg\" class=\"attachment-full size-full wp-image-3879\" alt=\"\" srcset=\"https:\/\/old.jona-technology.sk\/wp-content\/uploads\/2021\/06\/cnc-vyroba.jpg 1200w, https:\/\/old.jona-technology.sk\/wp-content\/uploads\/2021\/06\/cnc-vyroba-300x225.jpg 300w, https:\/\/old.jona-technology.sk\/wp-content\/uploads\/2021\/06\/cnc-vyroba-1024x768.jpg 1024w, https:\/\/old.jona-technology.sk\/wp-content\/uploads\/2021\/06\/cnc-vyroba-768x576.jpg 768w, https:\/\/old.jona-technology.sk\/wp-content\/uploads\/2021\/06\/cnc-vyroba-16x12.jpg 16w\" sizes=\"(max-width: 1200px) 100vw, 1200px\" \/>\t\t\t\t\t\t\t\t\t\t\t\t\t\t\t<\/div>\n\t\t\t\t<\/div>\n\t\t\t\t\t<\/div>\n\t\t<\/div>\n\t\t\t\t<div class=\"elementor-column elementor-col-50 elementor-top-column elementor-element elementor-element-320c81e\" data-id=\"320c81e\" data-element_type=\"column\">\n\t\t\t<div class=\"elementor-widget-wrap elementor-element-populated\">\n\t\t\t\t\t\t\t\t<div class=\"elementor-element elementor-element-dfc4788 elementor-widget elementor-widget-text-editor\" data-id=\"dfc4788\" data-element_type=\"widget\" data-widget_type=\"text-editor.default\">\n\t\t\t\t<div class=\"elementor-widget-container\">\n\t\t\t\t\t\t\t<p>We offer the <strong>custom production of spare parts.<\/strong>\u00a0If necessary, we can produce the complete technical documentation. We provide the production of spare parts for concrete block industry and <strong>various other industries<\/strong>, such as agriculture, water processing, and construction.<\/p>\t\t\t\t\t\t<\/div>\n\t\t\t\t<\/div>\n\t\t\t\t\t<\/div>\n\t\t<\/div>\n\t\t\t\t\t\t\t<\/div>\n\t\t<\/section>\n\t\t\t\t<section class=\"elementor-section elementor-top-section elementor-element elementor-element-2fd44493 elementor-section-content-middle elementor-section-boxed elementor-section-height-default elementor-section-height-default elementor-invisible\" data-id=\"2fd44493\" data-element_type=\"section\" data-settings=\"{&quot;background_background&quot;:&quot;classic&quot;,&quot;animation&quot;:&quot;fadeInLeft&quot;,&quot;_ha_eqh_enable&quot;:false}\">\n\t\t\t\t\t\t<div class=\"elementor-container elementor-column-gap-no\">\n\t\t\t\t\t<div class=\"elementor-column elementor-col-100 elementor-top-column elementor-element elementor-element-41df067f\" data-id=\"41df067f\" data-element_type=\"column\">\n\t\t\t<div class=\"elementor-widget-wrap elementor-element-populated\">\n\t\t\t\t\t\t\t\t<div class=\"elementor-element elementor-element-71f7d709 elementor-widget elementor-widget-heading\" data-id=\"71f7d709\" data-element_type=\"widget\" data-widget_type=\"heading.default\">\n\t\t\t\t<div class=\"elementor-widget-container\">\n\t\t\t<h2 class=\"elementor-heading-title elementor-size-default\">Gallery<\/h2>\t\t<\/div>\n\t\t\t\t<\/div>\n\t\t\t\t<div class=\"elementor-element elementor-element-1c8185e1 elementor-arrows-position-inside elementor-pagination-position-outside elementor-widget elementor-widget-image-carousel\" data-id=\"1c8185e1\" data-element_type=\"widget\" data-settings=\"{&quot;slides_to_show&quot;:&quot;3&quot;,&quot;navigation&quot;:&quot;both&quot;,&quot;autoplay&quot;:&quot;yes&quot;,&quot;pause_on_hover&quot;:&quot;yes&quot;,&quot;pause_on_interaction&quot;:&quot;yes&quot;,&quot;autoplay_speed&quot;:5000,&quot;infinite&quot;:&quot;yes&quot;,&quot;speed&quot;:500}\" data-widget_type=\"image-carousel.default\">\n\t\t\t\t<div class=\"elementor-widget-container\">\n\t\t\t\t\t<div class=\"elementor-image-carousel-wrapper swiper-container\" dir=\"ltr\">\n\t\t\t<div class=\"elementor-image-carousel swiper-wrapper\">\n\t\t\t\t\t\t\t\t<div class=\"swiper-slide\"><figure class=\"swiper-slide-inner\"><img decoding=\"async\" class=\"swiper-slide-image\" src=\"https:\/\/old.jona-technology.sk\/wp-content\/uploads\/2021\/06\/kovovyroba-jona-2.jpg\" alt=\"kovovyroba-jona\" \/><\/figure><\/div><div class=\"swiper-slide\"><figure class=\"swiper-slide-inner\"><img decoding=\"async\" class=\"swiper-slide-image\" src=\"https:\/\/old.jona-technology.sk\/wp-content\/uploads\/2021\/06\/jona-kovovyroba-1.jpg\" alt=\"jona-kovovyroba\" \/><\/figure><\/div><div class=\"swiper-slide\"><figure class=\"swiper-slide-inner\"><img decoding=\"async\" class=\"swiper-slide-image\" src=\"https:\/\/old.jona-technology.sk\/wp-content\/uploads\/2021\/06\/kovovyroba-turbina.jpg\" alt=\"kovovyroba-turbina\" \/><\/figure><\/div><div class=\"swiper-slide\"><figure class=\"swiper-slide-inner\"><img decoding=\"async\" class=\"swiper-slide-image\" src=\"https:\/\/old.jona-technology.sk\/wp-content\/uploads\/2021\/06\/slide-6.jpg\" alt=\"slide\" \/><\/figure><\/div><div class=\"swiper-slide\"><figure class=\"swiper-slide-inner\"><img decoding=\"async\" class=\"swiper-slide-image\" src=\"https:\/\/old.jona-technology.sk\/wp-content\/uploads\/2021\/06\/3D-projektovanie-scaled.jpg\" alt=\"3D-projektovanie\" \/><\/figure><\/div><div class=\"swiper-slide\"><figure class=\"swiper-slide-inner\"><img decoding=\"async\" class=\"swiper-slide-image\" src=\"https:\/\/old.jona-technology.sk\/wp-content\/uploads\/2021\/06\/nahradne-diely.jpg\" alt=\"nahradne-diely\" \/><\/figure><\/div><div class=\"swiper-slide\"><figure class=\"swiper-slide-inner\"><img decoding=\"async\" class=\"swiper-slide-image\" src=\"https:\/\/old.jona-technology.sk\/wp-content\/uploads\/2021\/06\/vyroba-nahradnych-dielov.jpg\" alt=\"vyroba-nahradnych-dielov\" \/><\/figure><\/div><div class=\"swiper-slide\"><figure class=\"swiper-slide-inner\"><img decoding=\"async\" class=\"swiper-slide-image\" src=\"https:\/\/old.jona-technology.sk\/wp-content\/uploads\/2021\/06\/silentbloky.jpg\" alt=\"silentbloky\" \/><\/figure><\/div><div class=\"swiper-slide\"><figure class=\"swiper-slide-inner\"><img decoding=\"async\" class=\"swiper-slide-image\" src=\"https:\/\/old.jona-technology.sk\/wp-content\/uploads\/2021\/06\/kvalitne-nahradne-diely.jpg\" alt=\"kvalitne-nahradne-diely\" \/><\/figure><\/div><div class=\"swiper-slide\"><figure class=\"swiper-slide-inner\"><img decoding=\"async\" class=\"swiper-slide-image\" src=\"https:\/\/old.jona-technology.sk\/wp-content\/uploads\/2021\/06\/silentblok.jpg\" alt=\"silentblok\" \/><\/figure><\/div>\t\t\t<\/div>\n\t\t\t\t\t\t\t\t\t\t\t\t<div class=\"swiper-pagination\"><\/div>\n\t\t\t\t\t\t\t\t\t\t\t\t\t<div class=\"elementor-swiper-button elementor-swiper-button-prev\">\n\t\t\t\t\t\t<i aria-hidden=\"true\" class=\"eicon-chevron-left\"><\/i>\t\t\t\t\t\t<span class=\"elementor-screen-only\">Previous<\/span>\n\t\t\t\t\t<\/div>\n\t\t\t\t\t<div class=\"elementor-swiper-button elementor-swiper-button-next\">\n\t\t\t\t\t\t<i aria-hidden=\"true\" class=\"eicon-chevron-right\"><\/i>\t\t\t\t\t\t<span class=\"elementor-screen-only\">Next<\/span>\n\t\t\t\t\t<\/div>\n\t\t\t\t\t\t\t\t\t<\/div>\n\t\t\t\t<\/div>\n\t\t\t\t<\/div>\n\t\t\t\t\t<\/div>\n\t\t<\/div>\n\t\t\t\t\t\t\t<\/div>\n\t\t<\/section>\n\t\t\t\t<section class=\"elementor-section elementor-top-section elementor-element elementor-element-73eaf4a4 elementor-section-boxed elementor-section-height-default elementor-section-height-default elementor-invisible\" data-id=\"73eaf4a4\" data-element_type=\"section\" data-settings=\"{&quot;animation&quot;:&quot;fadeInRight&quot;,&quot;_ha_eqh_enable&quot;:false}\">\n\t\t\t\t\t\t<div class=\"elementor-container elementor-column-gap-default\">\n\t\t\t\t\t<div class=\"elementor-column elementor-col-100 elementor-top-column elementor-element elementor-element-6401d0fc\" data-id=\"6401d0fc\" data-element_type=\"column\" data-settings=\"{&quot;background_background&quot;:&quot;classic&quot;}\">\n\t\t\t<div class=\"elementor-widget-wrap elementor-element-populated\">\n\t\t\t\t\t\t\t\t<section class=\"elementor-section elementor-inner-section elementor-element elementor-element-21347f76 elementor-section-boxed elementor-section-height-default elementor-section-height-default\" data-id=\"21347f76\" data-element_type=\"section\" data-settings=\"{&quot;_ha_eqh_enable&quot;:false}\">\n\t\t\t\t\t\t<div class=\"elementor-container elementor-column-gap-no\">\n\t\t\t\t\t<div class=\"elementor-column elementor-col-100 elementor-inner-column elementor-element elementor-element-59237869\" data-id=\"59237869\" data-element_type=\"column\" data-settings=\"{&quot;background_background&quot;:&quot;classic&quot;}\">\n\t\t\t<div class=\"elementor-widget-wrap elementor-element-populated\">\n\t\t\t\t\t\t\t\t<div class=\"elementor-element elementor-element-79620c6e elementor-widget elementor-widget-heading\" data-id=\"79620c6e\" data-element_type=\"widget\" data-widget_type=\"heading.default\">\n\t\t\t\t<div class=\"elementor-widget-container\">\n\t\t\t<h2 class=\"elementor-heading-title elementor-size-default\">Contact us<\/h2>\t\t<\/div>\n\t\t\t\t<\/div>\n\t\t\t\t<div class=\"elementor-element elementor-element-4052b25f elementor-widget elementor-widget-text-editor\" data-id=\"4052b25f\" data-element_type=\"widget\" data-widget_type=\"text-editor.default\">\n\t\t\t\t<div class=\"elementor-widget-container\">\n\t\t\t\t\t\t\t<p>If you have any questions, do not hesitate to contact us.<\/p>\n\t\t\t\t\t\t<\/div>\n\t\t\t\t<\/div>\n\t\t\t\t<div class=\"elementor-element elementor-element-6c500569 elementor-widget elementor-widget-shortcode\" data-id=\"6c500569\" data-element_type=\"widget\" data-widget_type=\"shortcode.default\">\n\t\t\t\t<div class=\"elementor-widget-container\">\n\t\t\t\t\t<div class=\"elementor-shortcode\"><div class=\"wpforms-container \" id=\"wpforms-4841\"><form id=\"wpforms-form-4841\" class=\"wpforms-validate wpforms-form\" data-formid=\"4841\" method=\"post\" enctype=\"multipart\/form-data\" action=\"\/en\/wp-json\/wp\/v2\/pages\/3877\" data-token=\"1f7f62e01146a94192a451486e5fbc28\"><noscript class=\"wpforms-error-noscript\">Please enable JavaScript in your browser to complete this form.<\/noscript><div class=\"wpforms-field-container\"><div id=\"wpforms-4841-field_0-container\" class=\"wpforms-field wpforms-field-name\" data-field-id=\"0\"><label class=\"wpforms-field-label wpforms-label-hide\" for=\"wpforms-4841-field_0\">Name <span class=\"wpforms-required-label\">*<\/span><\/label><input type=\"text\" id=\"wpforms-4841-field_0\" class=\"wpforms-field-large wpforms-field-required\" name=\"wpforms[fields][0]\" placeholder=\"Name\" required><\/div><div id=\"wpforms-4841-field_1-container\" class=\"wpforms-field wpforms-field-email\" data-field-id=\"1\"><label class=\"wpforms-field-label wpforms-label-hide\" for=\"wpforms-4841-field_1\">E-mail <span class=\"wpforms-required-label\">*<\/span><\/label><input type=\"email\" id=\"wpforms-4841-field_1\" class=\"wpforms-field-large wpforms-field-required\" name=\"wpforms[fields][1]\" placeholder=\"E-mail\" spellcheck=\"false\" required><\/div><div id=\"wpforms-4841-field_3-container\" class=\"wpforms-field wpforms-field-text\" data-field-id=\"3\"><label class=\"wpforms-field-label wpforms-label-hide\" for=\"wpforms-4841-field_3\">Subject <span class=\"wpforms-required-label\">*<\/span><\/label><input type=\"text\" id=\"wpforms-4841-field_3\" class=\"wpforms-field-large wpforms-field-required\" name=\"wpforms[fields][3]\" placeholder=\"Subject\" required><\/div><div id=\"wpforms-4841-field_2-container\" class=\"wpforms-field wpforms-field-textarea\" data-field-id=\"2\"><label class=\"wpforms-field-label wpforms-label-hide\" for=\"wpforms-4841-field_2\">Your message <span class=\"wpforms-required-label\">*<\/span><\/label><textarea id=\"wpforms-4841-field_2\" class=\"wpforms-field-medium wpforms-field-required\" name=\"wpforms[fields][2]\" placeholder=\"Your message\" required><\/textarea><\/div><div id=\"wpforms-4841-field_4-container\" class=\"wpforms-field wpforms-field-checkbox\" data-field-id=\"4\"><ul id=\"wpforms-4841-field_4\" class=\"wpforms-field-required\"><li class=\"choice-1 depth-1\"><input type=\"checkbox\" id=\"wpforms-4841-field_4_1\" name=\"wpforms[fields][4][]\" value=\"I hereby confirm I have familiarised myself with the &lt;a href=&quot;#&quot; target=&quot;_blank&quot;&gt; terms of personal data processing&lt;\/a&gt; of the controller JONA s.r.o. and I agree to be sent a contact form with pre-filled information.\" required ><label class=\"wpforms-field-label-inline\" for=\"wpforms-4841-field_4_1\">I hereby confirm I have familiarised myself with the <a href=\"#\" target=\"_blank\"> terms of personal data processing<\/a> of the controller JONA s.r.o. and I agree to be sent a contact form with pre-filled information.<\/label><\/li><\/ul><\/div><\/div><!-- .wpforms-field-container --><div class=\"wpforms-field wpforms-field-hp\"><label for=\"wpforms-4841-field-hp\" class=\"wpforms-field-label\">Message<\/label><input type=\"text\" name=\"wpforms[hp]\" id=\"wpforms-4841-field-hp\" class=\"wpforms-field-medium\"><\/div><div class=\"wpforms-submit-container\" ><input type=\"hidden\" name=\"wpforms[id]\" value=\"4841\"><input type=\"hidden\" name=\"wpforms[author]\" value=\"2\"><button type=\"submit\" name=\"wpforms[submit]\" id=\"wpforms-submit-4841\" class=\"wpforms-submit odoslat\" data-alt-text=\"Sending...\" data-submit-text=\"Send\" aria-live=\"assertive\" value=\"wpforms-submit\">Send<\/button><\/div><\/form><\/div>  <!-- .wpforms-container --><\/div>\n\t\t\t\t<\/div>\n\t\t\t\t<\/div>\n\t\t\t\t\t<\/div>\n\t\t<\/div>\n\t\t\t\t\t\t\t<\/div>\n\t\t<\/section>\n\t\t\t\t\t<\/div>\n\t\t<\/div>\n\t\t\t\t\t\t\t<\/div>\n\t\t<\/section>\n\t\t\t\t\t\t\t<\/div>\n\t\t","protected":false},"excerpt":{"rendered":"<p>The production of spare parts We offer the custom production of spare parts.\u00a0If necessary, we can produce the complete technical documentation. We provide the production of spare parts for concrete block industry and various other industries, such as agriculture, water processing, and construction. Gallery Predo\u0161l\u00e9 \u010eal\u0161ie Contact us If you have any questions, do not &hellip;<\/p>\n<p class=\"read-more\"> <a class=\"\" href=\"https:\/\/old.jona-technology.sk\/en\/the-production-of-spare-parts\/\"> <span class=\"screen-reader-text\">The production of spare parts<\/span> Read More &raquo;<\/a><\/p>\n","protected":false},"author":2,"featured_media":0,"parent":0,"menu_order":0,"comment_status":"closed","ping_status":"closed","template":"","meta":{"inline_featured_image":false,"footnotes":""},"class_list":["post-3877","page","type-page","status-publish","hentry"],"yoast_head":"<!-- This site is optimized with the Yoast SEO plugin v20.5 - https:\/\/yoast.com\/wordpress\/plugins\/seo\/ -->\n<title>The production of spare parts | Jona-technology.com<\/title>\n<meta name=\"description\" content=\"V\u00fdroba, oprava a servis foriem do vibrolisov, strojov a zariaden\u00ed r\u00f4znych priemyseln\u00fdch odvetv\u00ed, opravy a renov\u00e1cia mechanick\u00fdch \u010dast\u00ed zariaden\u00ed.\" \/>\n<meta name=\"robots\" content=\"index, follow, max-snippet:-1, max-image-preview:large, max-video-preview:-1\" \/>\n<link rel=\"canonical\" href=\"https:\/\/old.jona-technology.sk\/en\/the-production-of-spare-parts\/\" \/>\n<meta property=\"og:locale\" content=\"en_US\" \/>\n<meta property=\"og:type\" content=\"article\" \/>\n<meta property=\"og:title\" content=\"The production of spare parts | Jona-technology.com\" \/>\n<meta property=\"og:description\" content=\"V\u00fdroba, oprava a servis foriem do vibrolisov, strojov a zariaden\u00ed r\u00f4znych priemyseln\u00fdch odvetv\u00ed, opravy a renov\u00e1cia mechanick\u00fdch \u010dast\u00ed zariaden\u00ed.\" \/>\n<meta property=\"og:url\" content=\"https:\/\/old.jona-technology.sk\/en\/the-production-of-spare-parts\/\" \/>\n<meta property=\"og:site_name\" content=\"jona-technology.com\" \/>\n<meta property=\"article:modified_time\" content=\"2021-08-24T07:29:19+00:00\" \/>\n<meta property=\"og:image\" content=\"https:\/\/jona-technology.com\/wp-content\/uploads\/2021\/06\/cnc-vyroba.jpg\" \/>\n<meta name=\"twitter:card\" content=\"summary_large_image\" \/>\n<meta name=\"twitter:label1\" content=\"Est. reading time\" \/>\n\t<meta name=\"twitter:data1\" content=\"4 minutes\" \/>\n<script type=\"application\/ld+json\" class=\"yoast-schema-graph\">{\"@context\":\"https:\/\/schema.org\",\"@graph\":[{\"@type\":\"WebPage\",\"@id\":\"https:\/\/old.jona-technology.sk\/en\/the-production-of-spare-parts\/\",\"url\":\"https:\/\/old.jona-technology.sk\/en\/the-production-of-spare-parts\/\",\"name\":\"The production of spare parts | Jona-technology.com\",\"isPartOf\":{\"@id\":\"https:\/\/old.jona-technology.sk\/#website\"},\"datePublished\":\"2021-07-07T08:35:22+00:00\",\"dateModified\":\"2021-08-24T07:29:19+00:00\",\"description\":\"V\u00fdroba, oprava a servis foriem do vibrolisov, strojov a zariaden\u00ed r\u00f4znych priemyseln\u00fdch odvetv\u00ed, opravy a renov\u00e1cia mechanick\u00fdch \u010dast\u00ed zariaden\u00ed.\",\"breadcrumb\":{\"@id\":\"https:\/\/old.jona-technology.sk\/en\/the-production-of-spare-parts\/#breadcrumb\"},\"inLanguage\":\"en-US\",\"potentialAction\":[{\"@type\":\"ReadAction\",\"target\":[\"https:\/\/old.jona-technology.sk\/en\/the-production-of-spare-parts\/\"]}]},{\"@type\":\"BreadcrumbList\",\"@id\":\"https:\/\/old.jona-technology.sk\/en\/the-production-of-spare-parts\/#breadcrumb\",\"itemListElement\":[{\"@type\":\"ListItem\",\"position\":1,\"name\":\"Domovsk\u00e1 str\u00e1nka\",\"item\":\"https:\/\/old.jona-technology.sk\/en\/\"},{\"@type\":\"ListItem\",\"position\":2,\"name\":\"The production of spare parts\"}]},{\"@type\":\"WebSite\",\"@id\":\"https:\/\/old.jona-technology.sk\/#website\",\"url\":\"https:\/\/old.jona-technology.sk\/\",\"name\":\"jona-technology.com\",\"description\":\"\",\"publisher\":{\"@id\":\"https:\/\/old.jona-technology.sk\/#organization\"},\"potentialAction\":[{\"@type\":\"SearchAction\",\"target\":{\"@type\":\"EntryPoint\",\"urlTemplate\":\"https:\/\/old.jona-technology.sk\/?s={search_term_string}\"},\"query-input\":\"required name=search_term_string\"}],\"inLanguage\":\"en-US\"},{\"@type\":\"Organization\",\"@id\":\"https:\/\/old.jona-technology.sk\/#organization\",\"name\":\"jona-technology.com\",\"url\":\"https:\/\/old.jona-technology.sk\/\",\"logo\":{\"@type\":\"ImageObject\",\"inLanguage\":\"en-US\",\"@id\":\"https:\/\/old.jona-technology.sk\/#\/schema\/logo\/image\/\",\"url\":\"https:\/\/old.jona-technology.sk\/wp-content\/uploads\/2021\/06\/Group-11.svg\",\"contentUrl\":\"https:\/\/old.jona-technology.sk\/wp-content\/uploads\/2021\/06\/Group-11.svg\",\"width\":109,\"height\":30,\"caption\":\"jona-technology.com\"},\"image\":{\"@id\":\"https:\/\/old.jona-technology.sk\/#\/schema\/logo\/image\/\"}}]}<\/script>\n<!-- \/ Yoast SEO plugin. -->","yoast_head_json":{"title":"The production of spare parts | Jona-technology.com","description":"V\u00fdroba, oprava a servis foriem do vibrolisov, strojov a zariaden\u00ed r\u00f4znych priemyseln\u00fdch odvetv\u00ed, opravy a renov\u00e1cia mechanick\u00fdch \u010dast\u00ed zariaden\u00ed.","robots":{"index":"index","follow":"follow","max-snippet":"max-snippet:-1","max-image-preview":"max-image-preview:large","max-video-preview":"max-video-preview:-1"},"canonical":"https:\/\/old.jona-technology.sk\/en\/the-production-of-spare-parts\/","og_locale":"en_US","og_type":"article","og_title":"The production of spare parts | Jona-technology.com","og_description":"V\u00fdroba, oprava a servis foriem do vibrolisov, strojov a zariaden\u00ed r\u00f4znych priemyseln\u00fdch odvetv\u00ed, opravy a renov\u00e1cia mechanick\u00fdch \u010dast\u00ed zariaden\u00ed.","og_url":"https:\/\/old.jona-technology.sk\/en\/the-production-of-spare-parts\/","og_site_name":"jona-technology.com","article_modified_time":"2021-08-24T07:29:19+00:00","og_image":[{"url":"https:\/\/jona-technology.com\/wp-content\/uploads\/2021\/06\/cnc-vyroba.jpg"}],"twitter_card":"summary_large_image","twitter_misc":{"Est. reading time":"4 minutes"},"schema":{"@context":"https:\/\/schema.org","@graph":[{"@type":"WebPage","@id":"https:\/\/old.jona-technology.sk\/en\/the-production-of-spare-parts\/","url":"https:\/\/old.jona-technology.sk\/en\/the-production-of-spare-parts\/","name":"The production of spare parts | Jona-technology.com","isPartOf":{"@id":"https:\/\/old.jona-technology.sk\/#website"},"datePublished":"2021-07-07T08:35:22+00:00","dateModified":"2021-08-24T07:29:19+00:00","description":"V\u00fdroba, oprava a servis foriem do vibrolisov, strojov a zariaden\u00ed r\u00f4znych priemyseln\u00fdch odvetv\u00ed, opravy a renov\u00e1cia mechanick\u00fdch \u010dast\u00ed zariaden\u00ed.","breadcrumb":{"@id":"https:\/\/old.jona-technology.sk\/en\/the-production-of-spare-parts\/#breadcrumb"},"inLanguage":"en-US","potentialAction":[{"@type":"ReadAction","target":["https:\/\/old.jona-technology.sk\/en\/the-production-of-spare-parts\/"]}]},{"@type":"BreadcrumbList","@id":"https:\/\/old.jona-technology.sk\/en\/the-production-of-spare-parts\/#breadcrumb","itemListElement":[{"@type":"ListItem","position":1,"name":"Domovsk\u00e1 str\u00e1nka","item":"https:\/\/old.jona-technology.sk\/en\/"},{"@type":"ListItem","position":2,"name":"The production of spare parts"}]},{"@type":"WebSite","@id":"https:\/\/old.jona-technology.sk\/#website","url":"https:\/\/old.jona-technology.sk\/","name":"jona-technology.com","description":"","publisher":{"@id":"https:\/\/old.jona-technology.sk\/#organization"},"potentialAction":[{"@type":"SearchAction","target":{"@type":"EntryPoint","urlTemplate":"https:\/\/old.jona-technology.sk\/?s={search_term_string}"},"query-input":"required name=search_term_string"}],"inLanguage":"en-US"},{"@type":"Organization","@id":"https:\/\/old.jona-technology.sk\/#organization","name":"jona-technology.com","url":"https:\/\/old.jona-technology.sk\/","logo":{"@type":"ImageObject","inLanguage":"en-US","@id":"https:\/\/old.jona-technology.sk\/#\/schema\/logo\/image\/","url":"https:\/\/old.jona-technology.sk\/wp-content\/uploads\/2021\/06\/Group-11.svg","contentUrl":"https:\/\/old.jona-technology.sk\/wp-content\/uploads\/2021\/06\/Group-11.svg","width":109,"height":30,"caption":"jona-technology.com"},"image":{"@id":"https:\/\/old.jona-technology.sk\/#\/schema\/logo\/image\/"}}]}},"_links":{"self":[{"href":"https:\/\/old.jona-technology.sk\/en\/wp-json\/wp\/v2\/pages\/3877","targetHints":{"allow":["GET"]}}],"collection":[{"href":"https:\/\/old.jona-technology.sk\/en\/wp-json\/wp\/v2\/pages"}],"about":[{"href":"https:\/\/old.jona-technology.sk\/en\/wp-json\/wp\/v2\/types\/page"}],"author":[{"embeddable":true,"href":"https:\/\/old.jona-technology.sk\/en\/wp-json\/wp\/v2\/users\/2"}],"replies":[{"embeddable":true,"href":"https:\/\/old.jona-technology.sk\/en\/wp-json\/wp\/v2\/comments?post=3877"}],"version-history":[{"count":5,"href":"https:\/\/old.jona-technology.sk\/en\/wp-json\/wp\/v2\/pages\/3877\/revisions"}],"predecessor-version":[{"id":6227,"href":"https:\/\/old.jona-technology.sk\/en\/wp-json\/wp\/v2\/pages\/3877\/revisions\/6227"}],"wp:attachment":[{"href":"https:\/\/old.jona-technology.sk\/en\/wp-json\/wp\/v2\/media?parent=3877"}],"curies":[{"name":"wp","href":"https:\/\/api.w.org\/{rel}","templated":true}]}}