{"id":5584,"date":"2021-07-12T13:56:11","date_gmt":"2021-07-12T11:56:11","guid":{"rendered":"https:\/\/www.old.jona-technology.sk\/zasady-ochrany-osobnych-udajov\/"},"modified":"2023-04-17T16:30:36","modified_gmt":"2023-04-17T14:30:36","slug":"zasady-ochrany-osobnych-udajov","status":"publish","type":"page","link":"https:\/\/old.jona-technology.sk\/pl\/zasady-ochrany-osobnych-udajov\/","title":{"rendered":"Informacje o przetwarzaniu danych osobowych"},"content":{"rendered":"\t\t<div data-elementor-type=\"wp-page\" data-elementor-id=\"5584\" class=\"elementor elementor-5584\">\n\t\t\t\t\t\t\t\t\t<section class=\"elementor-section elementor-top-section elementor-element elementor-element-71ff76dc elementor-section-boxed elementor-section-height-default elementor-section-height-default\" data-id=\"71ff76dc\" data-element_type=\"section\" data-settings=\"{&quot;background_background&quot;:&quot;classic&quot;,&quot;_ha_eqh_enable&quot;:false}\">\n\t\t\t\t\t\t\t<div class=\"elementor-background-overlay\"><\/div>\n\t\t\t\t\t\t\t<div class=\"elementor-container elementor-column-gap-no\">\n\t\t\t\t\t<div class=\"elementor-column elementor-col-100 elementor-top-column elementor-element elementor-element-134fc3bc\" data-id=\"134fc3bc\" data-element_type=\"column\">\n\t\t\t<div class=\"elementor-widget-wrap elementor-element-populated\">\n\t\t\t\t\t\t\t\t<div class=\"elementor-element elementor-element-4b0f9977 elementor-widget elementor-widget-heading\" data-id=\"4b0f9977\" data-element_type=\"widget\" data-widget_type=\"heading.default\">\n\t\t\t\t<div class=\"elementor-widget-container\">\n\t\t\t<h1 class=\"elementor-heading-title elementor-size-default\">Informacje o przetwarzaniu danych osobowych<\/h1>\t\t<\/div>\n\t\t\t\t<\/div>\n\t\t\t\t\t<\/div>\n\t\t<\/div>\n\t\t\t\t\t\t\t<\/div>\n\t\t<\/section>\n\t\t\t\t<section class=\"elementor-section elementor-top-section elementor-element elementor-element-040aa49 elementor-section-boxed elementor-section-height-default elementor-section-height-default elementor-invisible\" data-id=\"040aa49\" data-element_type=\"section\" data-settings=\"{&quot;animation&quot;:&quot;fadeInLeft&quot;,&quot;_ha_eqh_enable&quot;:false}\">\n\t\t\t\t\t\t<div class=\"elementor-container elementor-column-gap-default\">\n\t\t\t\t\t<div class=\"elementor-column elementor-col-100 elementor-top-column elementor-element elementor-element-9402228\" data-id=\"9402228\" data-element_type=\"column\" data-settings=\"{&quot;background_background&quot;:&quot;classic&quot;}\">\n\t\t\t<div class=\"elementor-widget-wrap elementor-element-populated\">\n\t\t\t\t\t\t\t\t<section class=\"elementor-section elementor-inner-section elementor-element elementor-element-229e3d8 elementor-section-boxed elementor-section-height-default elementor-section-height-default\" data-id=\"229e3d8\" data-element_type=\"section\" data-settings=\"{&quot;_ha_eqh_enable&quot;:false}\">\n\t\t\t\t\t\t<div class=\"elementor-container elementor-column-gap-default\">\n\t\t\t\t\t<div class=\"elementor-column elementor-col-100 elementor-inner-column elementor-element elementor-element-aee5cd7\" data-id=\"aee5cd7\" data-element_type=\"column\">\n\t\t\t<div class=\"elementor-widget-wrap elementor-element-populated\">\n\t\t\t\t\t\t\t\t<div class=\"elementor-element elementor-element-7f78154 elementor-widget elementor-widget-text-editor\" data-id=\"7f78154\" data-element_type=\"widget\" data-widget_type=\"text-editor.default\">\n\t\t\t\t<div class=\"elementor-widget-container\">\n\t\t\t\t\t\t\t<ol>\n<li>\n<h2>Podmienky ochrany osobn\u00fdch \u00fadajov<\/h2>\n<h3>I. Z\u00e1kladn\u00e9 ustanovenia<\/h3>\n<ol>\n<li>Prev\u00e1dzkovate\u013e osobn\u00fdch \u00fadajov pod\u013ea \u010dl. 4 bod 7 nariadenia Eur\u00f3pskeho parlamentu a Rady (EU) 2016\/679 o ochrane fyzick\u00fdch os\u00f4b v s\u00favislosti so spracovan\u00edm osobn\u00fdch \u00fadajov a o vo\u013enom pohybe t\u00fdchto \u00fadajov (\u010falej len: \u201e<strong>GDPR<\/strong>\u201d) je JONA s.r.o., Tatransk\u00e1 364 059 92 Huncovce (\u010falej len: \u201e<strong>prev\u00e1dzkovate\u013e<\/strong>\u201c).<\/li>\n<li>Kontaktn\u00e9 \u00fadaje prev\u00e1dzkovate\u013ea s\u00fa<\/li>\n<\/ol>\n<p>Adresa: JONA s.r.o., Tatransk\u00e1 364 059 92 Huncovce<\/p>\n<p>Email: info@jona-technology.com<\/p>\n<p>Telef\u00f3n: 0915 054 212<\/p>\n<ol start=\"3\">\n<li>Osobn\u00fdmi \u00fadajmi s\u00fa \u00fadaje t\u00fdkaj\u00face sa identifikovanej fyzickej osoby alebo identifikovate\u013enej fyzickej osoby, ktor\u00fa mo\u017eno identifikova\u0165 priamo alebo nepriamo, najm\u00e4 na z\u00e1klade v\u0161eobecne pou\u017eite\u013en\u00e9ho identifik\u00e1tora, in\u00e9ho identifik\u00e1tora, ako je napr\u00edklad meno, priezvisko, identifika\u010dn\u00e9 \u010d\u00edslo, lokaliza\u010dn\u00e9 \u00fadaje, alebo online identifik\u00e1tor, alebo na z\u00e1klade jednej alebo viacer\u00fdch charakterist\u00edk alebo znakov, ktor\u00e9 tvoria jej fyzick\u00fa identitu, fyziologick\u00fa identitu, genetick\u00fa identitu, psychick\u00fa identitu, ment\u00e1lnu identitu, ekonomick\u00fa identitu, kult\u00farnu identitu alebo soci\u00e1lnu identitu.<\/li>\n<li>Prev\u00e1dzkovate\u013e osobn\u00fdch \u00fadajov nemenoval sprostredkovate\u013ea na ochranu osobn\u00fdch \u00fadajov.<\/li>\n<\/ol>\n<h3>II. Zdroje a kateg\u00f3rie spracov\u00e1van\u00fdch osobn\u00fdch \u00fadajov<\/h3>\n<ol>\n<li>Prev\u00e1dzkovate\u013e spracov\u00e1va osobn\u00e9 \u00fadaje, ktor\u00e9 ste mu poskytli alebo osobn\u00e9 \u00fadaje, ktor\u00e9 prev\u00e1dzkovate\u013e z\u00edskal na z\u00e1klade plnenia Va\u0161ej objedn\u00e1vky.<\/li>\n<li>Prev\u00e1dzkovate\u013e spracov\u00e1va Va\u0161e identifika\u010dn\u00e9 a kontaktn\u00e9 \u00fadaje a \u00fadaje nevyhnutn\u00e9 pre plnenie zmluvy.<\/li>\n<\/ol>\n<h3>III. Z\u00e1konn\u00fd d\u00f4vod a \u00fa\u010del spracovania osobn\u00fdch \u00fadajov<\/h3>\n<ol>\n<li>Z\u00e1konn\u00fdm d\u00f4vodom spracovania osobn\u00fdch \u00fadajov je<\/li>\n<\/ol>\n<ul>\n<li>plnenie zmluvy medzi Vami a prev\u00e1dzkovate\u013eom pod\u013ea \u010dl. 6 odst. 1 p\u00edsm. b) GDPR,<\/li>\n<li>opr\u00e1vnen\u00fd z\u00e1ujem prev\u00e1dzkovate\u013ea na poskytovanie priameho marketingu (najm\u00e4 na zasielanie obchodn\u00fdch pon\u00fak a newsletterov) pod\u013ea \u010dl. 6 odst. 1 p\u00edsm. f) GDPR,<\/li>\n<li>sprac\u00favanie je nevyhnutn\u00e9 na plnenie zmluvy, ktorej zmluvnou stranou je dotknut\u00e1 osoba, alebo aby sa na z\u00e1klade \u017eiadosti dotknutej osoby vykonali opatrenia pred uzatvoren\u00edm zmluvy.<\/li>\n<\/ul>\n<ol start=\"2\">\n<li>\u00da\u010delom spracovania osobn\u00fdch \u00fadajov je<\/li>\n<\/ol>\n<ul>\n<li>vybavenie Va\u0161ej objedn\u00e1vky a v\u00fdkon pr\u00e1v a povinnost\u00ed vypl\u00fdvaj\u00facich zo zmluvn\u00e9ho vz\u0165ahu medzi Vami a prev\u00e1dzkovate\u013eom; pri objedn\u00e1vke s\u00fa vy\u017eadovan\u00e9 osobn\u00e9 \u00fadaje, ktor\u00e9 s\u00fa nutn\u00e9 pre \u00faspe\u0161n\u00e9 vybavenie objedn\u00e1vky (meno a adresa, kontakt), poskytnutie osobn\u00fdch \u00fadajov je nutnou po\u017eiadavkou na uzatvorenie a plnenie zmluvy, bez poskytnutia osobn\u00fdch \u00fadajov nie je mo\u017en\u00e9 zmluvu uzatvori\u0165 alebo ju zo strany prev\u00e1dzkovate\u013ea plni\u0165,<\/li>\n<li>zasielanie obchodn\u00fdch pon\u00fak a vykon\u00e1vanie \u010fal\u0161\u00edch marketingov\u00fdch aktiv\u00edt.<\/li>\n<\/ul>\n<ol start=\"3\">\n<li>Zo strany prev\u00e1dzkovate\u013ea neprich\u00e1dza k automatick\u00e9mu individu\u00e1lnemu rozhodovaniu v zmysle \u010dl. 22 GDPR. S tak\u00fdm spracovan\u00edm ste poskytli svoj v\u00fdslovn\u00fd s\u00fahlas.<\/li>\n<\/ol>\n<h3>IV. Doba uchov\u00e1vania \u00fadajov<\/h3>\n<ol>\n<li>Prev\u00e1dzkovate\u013e uchov\u00e1va osobn\u00e9 \u00fadaje<\/li>\n<\/ol>\n<ul>\n<li>po dobu nevyhnutn\u00fa k v\u00fdkonu pr\u00e1v a povinnost\u00ed vypl\u00fdvaj\u00facich zo zmluvn\u00e9ho vz\u0165ahu medzi Vami a prev\u00e1dzkovate\u013eom a uplat\u0148ovan\u00ed n\u00e1rokov z t\u00fdchto zmluvn\u00fdch vz\u0165ahov (po dobu 15 rokov od ukon\u010denia zmluvn\u00e9ho vz\u0165ahu).<\/li>\n<li>po dobu, k\u00fdm je odvolan\u00fd s\u00fahlas so spracovan\u00edm osobn\u00fdch \u00fadajov pre \u00fa\u010dely marketingu, najdlh\u0161ie 15 rokov, ak s\u00fa osobn\u00e9 \u00fadaje spracov\u00e1van\u00e9 na z\u00e1klade s\u00fahlasu.<\/li>\n<\/ul>\n<ol start=\"2\">\n<li>Po uplynut\u00ed doby uchov\u00e1vania osobn\u00fdch \u00fadajov prev\u00e1dzkovate\u013e osobn\u00e9 \u00fadaje vyma\u017ee.<\/li>\n<\/ol>\n<h3>V. Pr\u00edjemcovia osobn\u00fdch \u00fadajov (subdod\u00e1vatelia prev\u00e1dzkovate\u013ea)<\/h3>\n<ol>\n<li>Pr\u00edjemcovia osobn\u00fdch \u00fadajov s\u00fa osoby<\/li>\n<\/ol>\n<ul>\n<li>podie\u013eaj\u00faci sa na dodan\u00ed tovaru \/ slu\u017eieb \/ realiz\u00e1cii platieb na z\u00e1klade zmluvy,<\/li>\n<li>zabezpe\u010duj\u00facich slu\u017eby prev\u00e1dzkovania e-shopu a inej slu\u017eby v s\u00favislosti s prev\u00e1dzkovan\u00edm e-shopu,<\/li>\n<li>zabezpe\u010duj\u00facich marketingov\u00e9 slu\u017eby.<\/li>\n<\/ul>\n<ol start=\"2\">\n<li>Prev\u00e1dzkovate\u013e nem\u00e1 v \u00famysle poskytn\u00fa\u0165 osobn\u00e9 \u00fadaje do tretej krajiny (do krajiny mimo EU) alebo medzin\u00e1rodnej organiz\u00e1cii.<\/li>\n<li>Vykon\u00e1van\u00e9 slu\u017eby, zabezpe\u010duj\u00face marketingov\u00e9 a podporn\u00e9 slu\u017eby<\/li>\n<\/ol>\n<ul>\n<li>Google analytics \u2013 zaznamen\u00e1va cookie a pou\u017eitie webu<\/li>\n<li>Google Adwords \u2013 zaznamen\u00e1va cookie a pou\u017eitie webu<\/li>\n<li>Google n\u00e1kupy \u2013 \u017eiados\u0165 o recenziu, zaznamen\u00e1va email poki\u013e ho ods\u00fahlas\u00edte v procese objedn\u00e1vky<\/li>\n<li>Heureka \u2013 zaznamen\u00e1va konverzie n\u00e1kupu a email pre slu\u017ebu \u201cOveren\u00e9 z\u00e1kazn\u00edkmi\u201d<\/li>\n<li>Sklik \u2013 zaznamen\u00e1va cookie, pou\u017eitie webu, konverzie n\u00e1kupu<\/li>\n<li>Hotjar \u2013 zaznamen\u00e1va cookie, pou\u017eitie webu<\/li>\n<\/ul>\n<h3>VI. Va\u0161e pr\u00e1va<\/h3>\n<ol>\n<li>Za podmienok stanoven\u00fdch v GDPR m\u00e1te<\/li>\n<\/ol>\n<ul>\n<li>pr\u00e1vo na pr\u00edstup k svojim osobn\u00fdm \u00fadajom pod\u013ea \u010dl. 15 GDPR,<\/li>\n<li>pr\u00e1vo opravy osobn\u00fdch \u00fadajov pod\u013ea \u010dl. 16 GDPR, pr\u00edpadne obmedzenie spracovanie pod\u013ea \u010dl. 18 GDPR.<\/li>\n<li>pr\u00e1vo na v\u00fdmaz osobn\u00fdch \u00fadajov pod\u013ea \u010dl. 17 GDPR.<\/li>\n<li>pr\u00e1vo vznies\u0165 n\u00e1mietku proti spracovaniu pod\u013ea \u010dl. 21 GDPR a<\/li>\n<li>pr\u00e1vo na prenosite\u013enos\u0165 \u00fadajov pod\u013ea \u010dl. 20 GDPR.<\/li>\n<li>pr\u00e1vo odvola\u0165 s\u00fahlas so spracovan\u00edm p\u00edsomne alebo elektronicky na adresu alebo email prev\u00e1dzkovate\u013ea uveden\u00fd v \u010dl. III t\u00fdchto podmienok. Odvola\u0165 s\u00fahlas m\u00f4\u017eete kedyko\u013evek vo svojom vlastnom \u00fa\u010dte z\u00e1kazn\u00edka.<\/li>\n<\/ul>\n<ol start=\"2\">\n<li>M\u00e1te pr\u00e1vo poda\u0165 s\u0165a\u017enos\u0165 na \u00darad na ochranu osobn\u00fdch \u00fadajov v pr\u00edpade, \u017ee sa domnievate, \u017ee bolo poru\u0161en\u00e9 Va\u0161e pr\u00e1vo na ochranu osobn\u00fdch \u00fadajov.<\/li>\n<\/ol>\n<h3>VII. Podmienky zabezpe\u010denia osobn\u00fdch \u00fadajov<\/h3>\n<ol>\n<li>Prev\u00e1dzkovate\u013e vyhlasuje, \u017ee prijal v\u0161etky vhodn\u00e9 technick\u00e9 a organiza\u010dn\u00e9 opatrenia na zabezpe\u010denie osobn\u00fdch \u00fadajov.<\/li>\n<li>Prev\u00e1dzkovate\u013e prijal technick\u00e9 opatrenia na zabezpe\u010denie d\u00e1tov\u00fdch \u00falo\u017e\u00edsk a \u00falo\u017e\u00edsk osobn\u00fdch \u00fadajov v listinnej podobe, zabezpe\u010den\u00e9ho \/ \u0161ifrovan\u00e9ho pr\u00edstupu na web, \u0161ifrovanie hesiel z\u00e1kazn\u00edkov v datab\u00e1ze, pravideln\u00fdch aktualiz\u00e1ci\u00ed syst\u00e9mu, pravideln\u00e9 z\u00e1lohy syst\u00e9mu.<\/li>\n<li>Prev\u00e1dzkovate\u013e vyhlasuje, \u017ee k osobn\u00fdm \u00fadajom maj\u00fa pr\u00edstup len n\u00edm poveren\u00e9 osoby.<\/li>\n<\/ol>\n<h3>VIII. Z\u00e1vere\u010dn\u00e9 ustanovenia<\/h3>\n<ol>\n<li>Odosielan\u00edm objedn\u00e1vky z internetov\u00e9ho objedn\u00e1vkov\u00e9ho formul\u00e1ra potvrdzujete, \u017ee ste obozn\u00e1men\u00ed s podmienkami ochrany osobn\u00fdch \u00fadajov a \u017ee ich v celom rozsahu prij\u00edmate.<\/li>\n<li>S t\u00fdmito podmienkami s\u00fahlas\u00edte za\u0161krtnut\u00edm s\u00fahlasu prostredn\u00edctvom internetov\u00e9ho formul\u00e1ra. Za\u0161krtnut\u00edm s\u00fahlasu potvrdzujete, \u017ee ste obozn\u00e1men\u00ed s podmienkami ochrany osobn\u00fdch \u00fadajov a \u017ee ich v celom rozsahu prij\u00edmate.<\/li>\n<li>Prev\u00e1dzkovate\u013e je opr\u00e1vnen\u00fd tieto podmienky zmeni\u0165. Nov\u00fa verziu podmienok ochrany osobn\u00fdch \u00fadajov zverejn\u00ed na svojich internetov\u00fdch str\u00e1nkach a z\u00e1rove\u0148 V\u00e1m za\u0161le nov\u00fa verziu t\u00fdchto podmienok na Va\u0161u e-mailovo\u00fa adresu, ktor\u00fa ste prev\u00e1dzkovate\u013eovi poskytli.<\/li>\n<\/ol>\n<p>Tieto podmienky nadob\u00fadaj\u00fa \u00fa\u010dinnos\u0165 d\u0148om 25.5.2018.<\/p>\n<\/li>\n<\/ol>\n\t\t\t\t\t\t<\/div>\n\t\t\t\t<\/div>\n\t\t\t\t\t<\/div>\n\t\t<\/div>\n\t\t\t\t\t\t\t<\/div>\n\t\t<\/section>\n\t\t\t\t\t<\/div>\n\t\t<\/div>\n\t\t\t\t\t\t\t<\/div>\n\t\t<\/section>\n\t\t\t\t\t\t\t<\/div>\n\t\t","protected":false},"excerpt":{"rendered":"<p>Informacje o przetwarzaniu danych osobowych Podmienky ochrany osobn\u00fdch \u00fadajov I. Z\u00e1kladn\u00e9 ustanovenia Prev\u00e1dzkovate\u013e osobn\u00fdch \u00fadajov pod\u013ea \u010dl. 4 bod 7 nariadenia Eur\u00f3pskeho parlamentu a Rady (EU) 2016\/679 o ochrane fyzick\u00fdch os\u00f4b v s\u00favislosti so spracovan\u00edm osobn\u00fdch \u00fadajov a o vo\u013enom pohybe t\u00fdchto \u00fadajov (\u010falej len: \u201eGDPR\u201d) je JONA s.r.o., Tatransk\u00e1 364 059 92 Huncovce (\u010falej &hellip;<\/p>\n<p class=\"read-more\"> <a class=\"\" href=\"https:\/\/old.jona-technology.sk\/pl\/zasady-ochrany-osobnych-udajov\/\"> <span class=\"screen-reader-text\">Informacje o przetwarzaniu danych osobowych<\/span> Read More &raquo;<\/a><\/p>\n","protected":false},"author":2,"featured_media":0,"parent":0,"menu_order":0,"comment_status":"closed","ping_status":"closed","template":"","meta":{"inline_featured_image":false,"footnotes":""},"class_list":["post-5584","page","type-page","status-publish","hentry"],"yoast_head":"<!-- This site is optimized with the Yoast SEO plugin v20.5 - https:\/\/yoast.com\/wordpress\/plugins\/seo\/ -->\n<title>Informacje o przetwarzaniu danych osobowych | Jona-technology.com<\/title>\n<meta name=\"description\" content=\"V\u00fdroba, oprava a servis foriem do vibrolisov, strojov a zariaden\u00ed r\u00f4znych priemyseln\u00fdch odvetv\u00ed, opravy a renov\u00e1cia mechanick\u00fdch \u010dast\u00ed zariaden\u00ed.\" \/>\n<meta name=\"robots\" content=\"index, follow, max-snippet:-1, max-image-preview:large, max-video-preview:-1\" \/>\n<link rel=\"canonical\" href=\"https:\/\/old.jona-technology.sk\/pl\/zasady-ochrany-osobnych-udajov\/\" \/>\n<meta property=\"og:locale\" content=\"pl_PL\" \/>\n<meta property=\"og:type\" content=\"article\" \/>\n<meta property=\"og:title\" content=\"Informacje o przetwarzaniu danych osobowych | Jona-technology.com\" \/>\n<meta property=\"og:description\" content=\"V\u00fdroba, oprava a servis foriem do vibrolisov, strojov a zariaden\u00ed r\u00f4znych priemyseln\u00fdch odvetv\u00ed, opravy a renov\u00e1cia mechanick\u00fdch \u010dast\u00ed zariaden\u00ed.\" \/>\n<meta property=\"og:url\" content=\"https:\/\/old.jona-technology.sk\/pl\/zasady-ochrany-osobnych-udajov\/\" \/>\n<meta property=\"og:site_name\" content=\"jona-technology.com\" \/>\n<meta property=\"article:modified_time\" content=\"2023-04-17T14:30:36+00:00\" \/>\n<meta name=\"twitter:card\" content=\"summary_large_image\" \/>\n<meta name=\"twitter:label1\" content=\"Szacowany czas czytania\" \/>\n\t<meta name=\"twitter:data1\" content=\"5 minut\" \/>\n<script type=\"application\/ld+json\" class=\"yoast-schema-graph\">{\"@context\":\"https:\/\/schema.org\",\"@graph\":[{\"@type\":\"WebPage\",\"@id\":\"https:\/\/old.jona-technology.sk\/pl\/zasady-ochrany-osobnych-udajov\/\",\"url\":\"https:\/\/old.jona-technology.sk\/pl\/zasady-ochrany-osobnych-udajov\/\",\"name\":\"Informacje o przetwarzaniu danych osobowych | Jona-technology.com\",\"isPartOf\":{\"@id\":\"https:\/\/old.jona-technology.sk\/#website\"},\"datePublished\":\"2021-07-12T11:56:11+00:00\",\"dateModified\":\"2023-04-17T14:30:36+00:00\",\"description\":\"V\u00fdroba, oprava a servis foriem do vibrolisov, strojov a zariaden\u00ed r\u00f4znych priemyseln\u00fdch odvetv\u00ed, opravy a renov\u00e1cia mechanick\u00fdch \u010dast\u00ed zariaden\u00ed.\",\"breadcrumb\":{\"@id\":\"https:\/\/old.jona-technology.sk\/pl\/zasady-ochrany-osobnych-udajov\/#breadcrumb\"},\"inLanguage\":\"pl-PL\",\"potentialAction\":[{\"@type\":\"ReadAction\",\"target\":[\"https:\/\/old.jona-technology.sk\/pl\/zasady-ochrany-osobnych-udajov\/\"]}]},{\"@type\":\"BreadcrumbList\",\"@id\":\"https:\/\/old.jona-technology.sk\/pl\/zasady-ochrany-osobnych-udajov\/#breadcrumb\",\"itemListElement\":[{\"@type\":\"ListItem\",\"position\":1,\"name\":\"Domovsk\u00e1 str\u00e1nka\",\"item\":\"https:\/\/jona-technology.pl\/\"},{\"@type\":\"ListItem\",\"position\":2,\"name\":\"Informacje o przetwarzaniu danych osobowych\"}]},{\"@type\":\"WebSite\",\"@id\":\"https:\/\/old.jona-technology.sk\/#website\",\"url\":\"https:\/\/old.jona-technology.sk\/\",\"name\":\"jona-technology.com\",\"description\":\"\",\"publisher\":{\"@id\":\"https:\/\/old.jona-technology.sk\/#organization\"},\"potentialAction\":[{\"@type\":\"SearchAction\",\"target\":{\"@type\":\"EntryPoint\",\"urlTemplate\":\"https:\/\/old.jona-technology.sk\/?s={search_term_string}\"},\"query-input\":\"required name=search_term_string\"}],\"inLanguage\":\"pl-PL\"},{\"@type\":\"Organization\",\"@id\":\"https:\/\/old.jona-technology.sk\/#organization\",\"name\":\"jona-technology.com\",\"url\":\"https:\/\/old.jona-technology.sk\/\",\"logo\":{\"@type\":\"ImageObject\",\"inLanguage\":\"pl-PL\",\"@id\":\"https:\/\/old.jona-technology.sk\/#\/schema\/logo\/image\/\",\"url\":\"https:\/\/old.jona-technology.sk\/wp-content\/uploads\/2021\/06\/Group-11.svg\",\"contentUrl\":\"https:\/\/old.jona-technology.sk\/wp-content\/uploads\/2021\/06\/Group-11.svg\",\"width\":109,\"height\":30,\"caption\":\"jona-technology.com\"},\"image\":{\"@id\":\"https:\/\/old.jona-technology.sk\/#\/schema\/logo\/image\/\"}}]}<\/script>\n<!-- \/ Yoast SEO plugin. -->","yoast_head_json":{"title":"Informacje o przetwarzaniu danych osobowych | Jona-technology.com","description":"V\u00fdroba, oprava a servis foriem do vibrolisov, strojov a zariaden\u00ed r\u00f4znych priemyseln\u00fdch odvetv\u00ed, opravy a renov\u00e1cia mechanick\u00fdch \u010dast\u00ed zariaden\u00ed.","robots":{"index":"index","follow":"follow","max-snippet":"max-snippet:-1","max-image-preview":"max-image-preview:large","max-video-preview":"max-video-preview:-1"},"canonical":"https:\/\/old.jona-technology.sk\/pl\/zasady-ochrany-osobnych-udajov\/","og_locale":"pl_PL","og_type":"article","og_title":"Informacje o przetwarzaniu danych osobowych | Jona-technology.com","og_description":"V\u00fdroba, oprava a servis foriem do vibrolisov, strojov a zariaden\u00ed r\u00f4znych priemyseln\u00fdch odvetv\u00ed, opravy a renov\u00e1cia mechanick\u00fdch \u010dast\u00ed zariaden\u00ed.","og_url":"https:\/\/old.jona-technology.sk\/pl\/zasady-ochrany-osobnych-udajov\/","og_site_name":"jona-technology.com","article_modified_time":"2023-04-17T14:30:36+00:00","twitter_card":"summary_large_image","twitter_misc":{"Szacowany czas czytania":"5 minut"},"schema":{"@context":"https:\/\/schema.org","@graph":[{"@type":"WebPage","@id":"https:\/\/old.jona-technology.sk\/pl\/zasady-ochrany-osobnych-udajov\/","url":"https:\/\/old.jona-technology.sk\/pl\/zasady-ochrany-osobnych-udajov\/","name":"Informacje o przetwarzaniu danych osobowych | Jona-technology.com","isPartOf":{"@id":"https:\/\/old.jona-technology.sk\/#website"},"datePublished":"2021-07-12T11:56:11+00:00","dateModified":"2023-04-17T14:30:36+00:00","description":"V\u00fdroba, oprava a servis foriem do vibrolisov, strojov a zariaden\u00ed r\u00f4znych priemyseln\u00fdch odvetv\u00ed, opravy a renov\u00e1cia mechanick\u00fdch \u010dast\u00ed zariaden\u00ed.","breadcrumb":{"@id":"https:\/\/old.jona-technology.sk\/pl\/zasady-ochrany-osobnych-udajov\/#breadcrumb"},"inLanguage":"pl-PL","potentialAction":[{"@type":"ReadAction","target":["https:\/\/old.jona-technology.sk\/pl\/zasady-ochrany-osobnych-udajov\/"]}]},{"@type":"BreadcrumbList","@id":"https:\/\/old.jona-technology.sk\/pl\/zasady-ochrany-osobnych-udajov\/#breadcrumb","itemListElement":[{"@type":"ListItem","position":1,"name":"Domovsk\u00e1 str\u00e1nka","item":"https:\/\/jona-technology.pl\/"},{"@type":"ListItem","position":2,"name":"Informacje o przetwarzaniu danych osobowych"}]},{"@type":"WebSite","@id":"https:\/\/old.jona-technology.sk\/#website","url":"https:\/\/old.jona-technology.sk\/","name":"jona-technology.com","description":"","publisher":{"@id":"https:\/\/old.jona-technology.sk\/#organization"},"potentialAction":[{"@type":"SearchAction","target":{"@type":"EntryPoint","urlTemplate":"https:\/\/old.jona-technology.sk\/?s={search_term_string}"},"query-input":"required name=search_term_string"}],"inLanguage":"pl-PL"},{"@type":"Organization","@id":"https:\/\/old.jona-technology.sk\/#organization","name":"jona-technology.com","url":"https:\/\/old.jona-technology.sk\/","logo":{"@type":"ImageObject","inLanguage":"pl-PL","@id":"https:\/\/old.jona-technology.sk\/#\/schema\/logo\/image\/","url":"https:\/\/old.jona-technology.sk\/wp-content\/uploads\/2021\/06\/Group-11.svg","contentUrl":"https:\/\/old.jona-technology.sk\/wp-content\/uploads\/2021\/06\/Group-11.svg","width":109,"height":30,"caption":"jona-technology.com"},"image":{"@id":"https:\/\/old.jona-technology.sk\/#\/schema\/logo\/image\/"}}]}},"_links":{"self":[{"href":"https:\/\/old.jona-technology.sk\/pl\/wp-json\/wp\/v2\/pages\/5584","targetHints":{"allow":["GET"]}}],"collection":[{"href":"https:\/\/old.jona-technology.sk\/pl\/wp-json\/wp\/v2\/pages"}],"about":[{"href":"https:\/\/old.jona-technology.sk\/pl\/wp-json\/wp\/v2\/types\/page"}],"author":[{"embeddable":true,"href":"https:\/\/old.jona-technology.sk\/pl\/wp-json\/wp\/v2\/users\/2"}],"replies":[{"embeddable":true,"href":"https:\/\/old.jona-technology.sk\/pl\/wp-json\/wp\/v2\/comments?post=5584"}],"version-history":[{"count":4,"href":"https:\/\/old.jona-technology.sk\/pl\/wp-json\/wp\/v2\/pages\/5584\/revisions"}],"predecessor-version":[{"id":7957,"href":"https:\/\/old.jona-technology.sk\/pl\/wp-json\/wp\/v2\/pages\/5584\/revisions\/7957"}],"wp:attachment":[{"href":"https:\/\/old.jona-technology.sk\/pl\/wp-json\/wp\/v2\/media?parent=5584"}],"curies":[{"name":"wp","href":"https:\/\/api.w.org\/{rel}","templated":true}]}}